{"id":899,"date":"2020-02-20T16:01:52","date_gmt":"2020-02-20T15:01:52","guid":{"rendered":"http:\/\/131.221.0.35\/?page_id=899"},"modified":"2020-04-13T23:03:53","modified_gmt":"2020-04-13T21:03:53","slug":"participaciones-en-eventos-deportivos","status":"publish","type":"page","link":"https:\/\/sabato.unicen.edu.ar\/?page_id=899","title":{"rendered":"Participaciones en Eventos Deportivos"},"content":{"rendered":"<div id=\"pl-899\"  class=\"panel-layout\" ><div id=\"pg-899-0\"  class=\"panel-grid panel-no-style\" ><div id=\"pgc-899-0-0\"  class=\"panel-grid-cell\" ><div id=\"panel-899-0-0-0\" class=\"so-panel widget widget_master-slider-main-widget master-slider-main-widget panel-first-child panel-last-child\" data-index=\"0\" >\n\t\t<!-- MasterSlider -->\n\t\t<div id=\"P_MS69e5095df282c\" class=\"master-slider-parent msl ms-parent-id-1\"  >\n\n\t\t\t\n\t\t\t<!-- MasterSlider Main -->\n\t\t\t<div id=\"MS69e5095df282c\" class=\"master-slider ms-skin-default\" >\n\t\t\t\t \t\t\t\t \n\t\t\t\t<div  class=\"ms-slide\" data-delay=\"3\" data-fill-mode=\"fill\"  >\n\t\t\t\t\t<img decoding=\"async\" src=\"https:\/\/sabato.unicen.edu.ar\/wp-content\/plugins\/master-slider\/public\/assets\/css\/blank.gif\" alt=\"\" title=\"\" data-src=\"https:\/\/sabato.unicen.edu.ar\/wp-content\/uploads\/2019\/08\/cropped-DSCN6534-1024x635-1000x420.jpg\" \/>\n\n\n\t<div class=\"ms-thumb\" ><div class=\"ms-tab-context\"><div class=&quot;ms-tab-context&quot;><\/div><\/div>\n<\/div>\n\t\t\t\t<\/div>\n\t\t\t\t<div  class=\"ms-slide\" data-delay=\"3\" data-fill-mode=\"fill\"  >\n\t\t\t\t\t<img decoding=\"async\" src=\"https:\/\/sabato.unicen.edu.ar\/wp-content\/plugins\/master-slider\/public\/assets\/css\/blank.gif\" alt=\"\" title=\"\" data-src=\"https:\/\/sabato.unicen.edu.ar\/wp-content\/uploads\/2019\/08\/cropped-DSCN6563-1024x692-1000x420.jpg\" \/>\n\n\n\t<div class=\"ms-thumb\" ><div class=\"ms-tab-context\"><div class=&quot;ms-tab-context&quot;><\/div><\/div>\n<\/div>\n\t\t\t\t<\/div>\n\n\t\t\t<\/div>\n\t\t\t<!-- END MasterSlider Main -->\n\n\t\t\t \n\t\t<\/div>\n\t\t<!-- END MasterSlider -->\n\n\t\t<script>\n\t\t(function ( $ ) {\n\t\t\t\"use strict\";\n\n\t\t\t$(function () {\n\t\t\t\tvar masterslider_282c = new MasterSlider();\n\n\t\t\t\t\/\/ slider controls\n\n\t\t\t\t\/\/ slider setup\n\t\t\t\tmasterslider_282c.setup(\"MS69e5095df282c\", {\n\t\t\t\t\t\twidth           : 1000,\n\t\t\t\t\t\theight          : 420,\n\t\t\t\t\t\tminHeight       : 450,\n\t\t\t\t\t\tspace           : 0,\n\t\t\t\t\t\tstart           : 1,\n\t\t\t\t\t\tgrabCursor      : true,\n\t\t\t\t\t\tswipe           : true,\n\t\t\t\t\t\tmouse           : true,\n\t\t\t\t\t\tlayout          : \"fullwidth\",\n\t\t\t\t\t\twheel           : false,\n\t\t\t\t\t\tautoplay        : true,\n\t\t\t\t\t\tinstantStartLayers:false,\n\t\t\t\t\t\tloop            : false,\n\t\t\t\t\t\tshuffle         : false,\n\t\t\t\t\t\tpreload         : 0,\n\t\t\t\t\t\theightLimit     : true,\n\t\t\t\t\t\tautoHeight      : false,\n\t\t\t\t\t\tsmoothHeight    : true,\n\t\t\t\t\t\tendPause        : false,\n\t\t\t\t\t\toverPause       : false,\n\t\t\t\t\t\tfillMode        : \"fill\",\n\t\t\t\t\t\tcenterControls  : true,\n\t\t\t\t\t\tstartOnAppear   : false,\n\t\t\t\t\t\tlayersMode      : \"center\",\n\t\t\t\t\t\thideLayers      : false,\n\t\t\t\t\t\tfullscreenMargin: 0,\n\t\t\t\t\t\tspeed           : 20,\n\t\t\t\t\t\tdir             : \"h\",\n\t\t\t\t\t\tparallaxMode    : 'swipe',\n\t\t\t\t\t\tview            : \"basic\"\n\t\t\t\t});\n\n\t\t\t\t\n\t\t\t\twindow.masterslider_instances = window.masterslider_instances || [];\n\t\t\t\twindow.masterslider_instances.push( masterslider_282c );\n\t\t\t });\n\n\t\t})(jQuery);\n\t\t<\/script>\n\n<\/div><\/div><\/div><div id=\"pg-899-1\"  class=\"panel-grid panel-no-style\" ><div id=\"pgc-899-1-0\"  class=\"panel-grid-cell\" ><div id=\"panel-899-1-0-0\" class=\"so-panel widget widget_text panel-first-child panel-last-child\" data-index=\"1\" >\t\t\t<div class=\"textwidget\"><h2><em>Participaciones en Eventos Deportivos<\/em><\/h2>\n<p><strong>Olimpiadas deportivas Secundarias Tandilenses 2015<\/strong><br \/>\nEn la semana del 2 al 6 de noviembre se desarroll\u00f3 los encuentros deportivos de la 10\u00aa edici\u00f3n de las Olimpiadas Deportivas Secundarias Tandilenses 2015 con 20 instituciones educativas participando de los diferentes deportes y categor\u00edas.<br \/>\nLa escuela Nacional Ernesto Sabato particip\u00f3 en los deportes Atletismo masculino y femenino, b\u00e1squet masculino y femenino y futbol masculino y femenino, <strong>obteniendo el 1\u00ba puesto en Atletismo en sus dos modalidades<\/strong>: masculino y femenino.<br \/>\n<strong>Los alumnos participantes fueron los siguientes:<\/strong> 6 A: Galvalisi Marina, Marega Gino, Belsito Florencia; 6 B: Denis Marcos, Ruiz Agustin, Martina Rosset; 5 A: Vareta Martin, Emme I\u00f1aqui; 5 B: Prieto Tom\u00e0s\u00b8 Alvarez Antonio; Gallo Benjam\u00edn; 4 A: Sacido Facundo, Svendas Valent\u00edn, Tapia Agust\u00edn, Marconi Julieta, Lombardi Victoria, Pugioni Camila y Pi\u00f1eiro Camila; 4 B: Perez Mauro, Lucich Emiliano ; 2 A: Barrientos Valentina, Di Cosmo Irina, Soto Sofia; 2 B: Dadario Magali.<br \/>\n<strong>Obtuvieron el 2\u00ba puesto en: Deporte B\u00e1squet Femenino:<\/strong> 6 A: Galvalisi Marina, Celani Ana, Zubeld\u00eca Ailen, Colman valentina, Pangaro Antonela; 6 B: Martina Rosset, Mendivil Florencia; 5 A: Lazarte Lucia; 5 B: Lazarte Martina, Mesa Milagros; 4 A: Pagnutti Luciana, Miguez Morena.<br \/>\n<strong>Obtuvieron el 2\u00ba puesto en: Deporte Futbol Femenino:<\/strong> 6 A: Decima Julieta, Siclari Giselle, Garcia Alessi Sol, Masson Marianela; 5 A: Guti\u00e9rrez Abigail; 5 B: Pontaroli Karen, Iriarte Fernanda; 4 A: Tomassi Candela, Madarieta Martina. 4 B: Decima Analia; 3B: Scarfo Cielo.<\/p>\n<p><strong>Participaron de la fase inicial :Deporte B\u00e1squet Masculino:<\/strong> 6 A: Fariza I\u00f1aki, Rico Ivan; 6 B: Bonepelche Esteban, Caballero Agusto, Lazarec Ivan, Villemur Agustin; 5 B: Romay Isidro, Kiehr Yoel; 4 A: Altamirano Agustin, Martinez Gaspar, Ardito Joaquin, Svedas Valentin.<\/p>\n<p><strong>Participaron de la fase inicial: Deporte FUTBOL Masculino:<\/strong> 6 A: Vacarezza Santiago, Raciatti Nicol\u00e1s; Marega Gino;<br \/>\n6 B: Aldaz Alejo, Corsi Mateo, Dalavia Simon, Garcia Franco, Marcos Demis, Morey Felipe, Ruiz Agustin; 5 A y B: Prieto Tomas, Suarez Esteban, Sosa Francisco, Isasmendi Ignacio; 4 B: Lucich Emiliano; 3 B: Corsi Ignacio, Sansoni Agustin, Zumarraga Juan Cruz; 3 A: Lazarte Nicolas, Franchini Juan Cruz.<\/p>\n<p><strong>Docentes que acompa\u00f1aron en las diferentes disciplinas:<\/strong> Barrena Laura, Lingor Daniel; Giboli Jose y Garc\u00eca M. Cecilia.<\/p>\n<\/div>\n\t\t<\/div><\/div><div id=\"pgc-899-1-1\"  class=\"panel-grid-cell\" ><div id=\"panel-899-1-1-0\" class=\"so-panel widget widget_lsi_widget panel-first-child\" data-index=\"2\" ><h3 class=\"widget-title\">Segu\u00ednos<\/h3><ul class=\"lsi-social-icons icon-set-widget-1-1-0\" style=\"text-align: left\"><li class=\"lsi-social-facebook\"><a class=\"\" rel=\"nofollow\" title=\"Facebook\" aria-label=\"Facebook\" href=\"https:\/\/www.facebook.com\/escuelanacional.ernestosabato\" target=\"_blank\"><i class=\"lsicon lsicon-facebook\"><\/i><\/a><\/li><li class=\"lsi-social-instagram\"><a class=\"\" rel=\"nofollow\" title=\"Instagram\" aria-label=\"Instagram\" href=\"https:\/\/www.instagram.com\/ernestoescsabato\/\" target=\"_blank\"><i class=\"lsicon lsicon-instagram\"><\/i><\/a><\/li><li class=\"lsi-social-twitter\"><a class=\"\" rel=\"nofollow\" title=\"Twitter\" aria-label=\"Twitter\" href=\"https:\/\/twitter.com\/escuela_sabato\" target=\"_blank\"><i class=\"lsicon lsicon-twitter\"><\/i><\/a><\/li><li class=\"lsi-social-youtube\"><a class=\"\" rel=\"nofollow\" title=\"YouTube\" aria-label=\"YouTube\" href=\"https:\/\/www.youtube.com\/channel\/UCpKc9ebFFPjy4Ta9y-xNJDg\" target=\"_blank\"><i class=\"lsicon lsicon-youtube\"><\/i><\/a><\/li><\/ul><\/div><div id=\"panel-899-1-1-1\" class=\"so-panel widget widget_text\" data-index=\"3\" >\t\t\t<div class=\"textwidget\"><p><img loading=\"lazy\" decoding=\"async\" class=\"alignnone size-medium wp-image-1070\" src=\"http:\/\/131.221.0.35\/wp-content\/uploads\/2020\/03\/radio_final-300x159.png\" alt=\"\" width=\"300\" height=\"159\" srcset=\"https:\/\/sabato.unicen.edu.ar\/wp-content\/uploads\/2020\/03\/radio_final-300x159.png 300w, https:\/\/sabato.unicen.edu.ar\/wp-content\/uploads\/2020\/03\/radio_final.png 348w\" sizes=\"(max-width: 300px) 100vw, 300px\" \/><\/p>\n<\/div>\n\t\t<\/div><div id=\"panel-899-1-1-2\" class=\"so-panel widget widget_text\" data-index=\"4\" >\t\t\t<div class=\"textwidget\"><p><a href=\"http:\/\/enes.comunidadeduar.com.ar\/\" target=\"_blank\" rel=\"noopener\"><img loading=\"lazy\" decoding=\"async\" class=\"alignnone size-medium wp-image-1079\" src=\"http:\/\/131.221.0.35\/wp-content\/uploads\/2020\/03\/logo-con-inscripcion_300-300x152.png\" alt=\"\" width=\"300\" height=\"152\" srcset=\"https:\/\/sabato.unicen.edu.ar\/wp-content\/uploads\/2020\/03\/logo-con-inscripcion_300-300x152.png 300w, https:\/\/sabato.unicen.edu.ar\/wp-content\/uploads\/2020\/03\/logo-con-inscripcion_300.png 324w\" sizes=\"(max-width: 300px) 100vw, 300px\" \/><\/a><\/p>\n<\/div>\n\t\t<\/div><div id=\"panel-899-1-1-3\" class=\"so-panel widget widget_text panel-last-child\" data-index=\"5\" >\t\t\t<div class=\"textwidget\"><p><a href=\"http:\/\/131.221.0.35\/wp-content\/uploads\/2020\/03\/CalendarioAcademico2020.pdf\" target=\"_blank\" rel=\"noopener\"><img loading=\"lazy\" decoding=\"async\" class=\"alignnone size-medium wp-image-1091\" src=\"http:\/\/131.221.0.35\/wp-content\/uploads\/2020\/03\/fondo-calendario-300x152.jpg\" alt=\"\" width=\"300\" height=\"152\" \/><\/a><\/p>\n<\/div>\n\t\t<\/div><\/div><\/div><\/div>","protected":false},"excerpt":{"rendered":"<p>Participaciones en Eventos Deportivos Olimpiadas deportivas Secundarias Tandilenses 2015 En la semana del 2 al 6 de noviembre se desarroll\u00f3 los encuentros deportivos de la 10\u00aa edici\u00f3n de las Olimpiadas Deportivas Secundarias Tandilenses 2015 con 20 instituciones educativas participando de los diferentes deportes y categor\u00edas. La escuela Nacional Ernesto Sabato particip\u00f3 en los deportes Atletismo [&hellip;]<\/p>\n","protected":false},"author":1,"featured_media":0,"parent":0,"menu_order":0,"comment_status":"closed","ping_status":"closed","template":"","meta":{"footnotes":""},"_links":{"self":[{"href":"https:\/\/sabato.unicen.edu.ar\/index.php?rest_route=\/wp\/v2\/pages\/899"}],"collection":[{"href":"https:\/\/sabato.unicen.edu.ar\/index.php?rest_route=\/wp\/v2\/pages"}],"about":[{"href":"https:\/\/sabato.unicen.edu.ar\/index.php?rest_route=\/wp\/v2\/types\/page"}],"author":[{"embeddable":true,"href":"https:\/\/sabato.unicen.edu.ar\/index.php?rest_route=\/wp\/v2\/users\/1"}],"replies":[{"embeddable":true,"href":"https:\/\/sabato.unicen.edu.ar\/index.php?rest_route=%2Fwp%2Fv2%2Fcomments&post=899"}],"version-history":[{"count":4,"href":"https:\/\/sabato.unicen.edu.ar\/index.php?rest_route=\/wp\/v2\/pages\/899\/revisions"}],"predecessor-version":[{"id":1242,"href":"https:\/\/sabato.unicen.edu.ar\/index.php?rest_route=\/wp\/v2\/pages\/899\/revisions\/1242"}],"wp:attachment":[{"href":"https:\/\/sabato.unicen.edu.ar\/index.php?rest_route=%2Fwp%2Fv2%2Fmedia&parent=899"}],"curies":[{"name":"wp","href":"https:\/\/api.w.org\/{rel}","templated":true}]}}