{"id":890,"date":"2020-02-20T15:30:24","date_gmt":"2020-02-20T14:30:24","guid":{"rendered":"http:\/\/131.221.0.35\/?page_id=890"},"modified":"2020-04-13T22:59:53","modified_gmt":"2020-04-13T20:59:53","slug":"actividades-extraescolares","status":"publish","type":"page","link":"https:\/\/sabato.unicen.edu.ar\/?page_id=890","title":{"rendered":"Actividades Extraescolares"},"content":{"rendered":"<div id=\"pl-890\"  class=\"panel-layout\" ><div id=\"pg-890-0\"  class=\"panel-grid panel-no-style\" ><div id=\"pgc-890-0-0\"  class=\"panel-grid-cell\" ><div id=\"panel-890-0-0-0\" class=\"so-panel widget widget_master-slider-main-widget master-slider-main-widget panel-first-child panel-last-child\" data-index=\"0\" >\n\t\t<!-- MasterSlider -->\n\t\t<div id=\"P_MS69e3024e98564\" class=\"master-slider-parent msl ms-parent-id-1\"  >\n\n\t\t\t\n\t\t\t<!-- MasterSlider Main -->\n\t\t\t<div id=\"MS69e3024e98564\" class=\"master-slider ms-skin-default\" >\n\t\t\t\t \t\t\t\t \n\t\t\t\t<div  class=\"ms-slide\" data-delay=\"3\" data-fill-mode=\"fill\"  >\n\t\t\t\t\t<img decoding=\"async\" src=\"https:\/\/sabato.unicen.edu.ar\/wp-content\/plugins\/master-slider\/public\/assets\/css\/blank.gif\" alt=\"\" title=\"\" data-src=\"https:\/\/sabato.unicen.edu.ar\/wp-content\/uploads\/2019\/08\/cropped-DSCN6534-1024x635-1000x420.jpg\" \/>\n\n\n\t<div class=\"ms-thumb\" ><div class=\"ms-tab-context\"><div class=&quot;ms-tab-context&quot;><\/div><\/div>\n<\/div>\n\t\t\t\t<\/div>\n\t\t\t\t<div  class=\"ms-slide\" data-delay=\"3\" data-fill-mode=\"fill\"  >\n\t\t\t\t\t<img decoding=\"async\" src=\"https:\/\/sabato.unicen.edu.ar\/wp-content\/plugins\/master-slider\/public\/assets\/css\/blank.gif\" alt=\"\" title=\"\" data-src=\"https:\/\/sabato.unicen.edu.ar\/wp-content\/uploads\/2019\/08\/cropped-DSCN6563-1024x692-1000x420.jpg\" \/>\n\n\n\t<div class=\"ms-thumb\" ><div class=\"ms-tab-context\"><div class=&quot;ms-tab-context&quot;><\/div><\/div>\n<\/div>\n\t\t\t\t<\/div>\n\n\t\t\t<\/div>\n\t\t\t<!-- END MasterSlider Main -->\n\n\t\t\t \n\t\t<\/div>\n\t\t<!-- END MasterSlider -->\n\n\t\t<script>\n\t\t(function ( $ ) {\n\t\t\t\"use strict\";\n\n\t\t\t$(function () {\n\t\t\t\tvar masterslider_8564 = new MasterSlider();\n\n\t\t\t\t\/\/ slider controls\n\n\t\t\t\t\/\/ slider setup\n\t\t\t\tmasterslider_8564.setup(\"MS69e3024e98564\", {\n\t\t\t\t\t\twidth           : 1000,\n\t\t\t\t\t\theight          : 420,\n\t\t\t\t\t\tminHeight       : 450,\n\t\t\t\t\t\tspace           : 0,\n\t\t\t\t\t\tstart           : 1,\n\t\t\t\t\t\tgrabCursor      : true,\n\t\t\t\t\t\tswipe           : true,\n\t\t\t\t\t\tmouse           : true,\n\t\t\t\t\t\tlayout          : \"fullwidth\",\n\t\t\t\t\t\twheel           : false,\n\t\t\t\t\t\tautoplay        : true,\n\t\t\t\t\t\tinstantStartLayers:false,\n\t\t\t\t\t\tloop            : false,\n\t\t\t\t\t\tshuffle         : false,\n\t\t\t\t\t\tpreload         : 0,\n\t\t\t\t\t\theightLimit     : true,\n\t\t\t\t\t\tautoHeight      : false,\n\t\t\t\t\t\tsmoothHeight    : true,\n\t\t\t\t\t\tendPause        : false,\n\t\t\t\t\t\toverPause       : false,\n\t\t\t\t\t\tfillMode        : \"fill\",\n\t\t\t\t\t\tcenterControls  : true,\n\t\t\t\t\t\tstartOnAppear   : false,\n\t\t\t\t\t\tlayersMode      : \"center\",\n\t\t\t\t\t\thideLayers      : false,\n\t\t\t\t\t\tfullscreenMargin: 0,\n\t\t\t\t\t\tspeed           : 20,\n\t\t\t\t\t\tdir             : \"h\",\n\t\t\t\t\t\tparallaxMode    : 'swipe',\n\t\t\t\t\t\tview            : \"basic\"\n\t\t\t\t});\n\n\t\t\t\t\n\t\t\t\twindow.masterslider_instances = window.masterslider_instances || [];\n\t\t\t\twindow.masterslider_instances.push( masterslider_8564 );\n\t\t\t });\n\n\t\t})(jQuery);\n\t\t<\/script>\n\n<\/div><\/div><\/div><div id=\"pg-890-1\"  class=\"panel-grid panel-no-style\" ><div id=\"pgc-890-1-0\"  class=\"panel-grid-cell\" ><div id=\"panel-890-1-0-0\" class=\"so-panel widget widget_text panel-first-child panel-last-child\" data-index=\"1\" >\t\t\t<div class=\"textwidget\"><h2><em>Actividades Extraescolares<\/em><\/h2>\n<p><strong>Canotaje en el Centro N\u00e1utico (24\/04\/09)<\/strong><br \/>\nEl d\u00eda 24 de abril el departamento de Educaci\u00f3n F\u00edsica realiz\u00f3 una actividad optativa (canotaje) en la Isla del Lago<\/p>\n<p><strong>Caminata 19 de abril de 2008<\/strong><br \/>\nLos alumnos fueron invitados por el departamento de Educaci\u00f3n F\u00edsicaa realizar una caminata recreativa por los cerros.El punto de encuentro fue en el club N\u00e1utico del Fuerte.<\/p>\n<p><strong>Canotaje en el Centro N\u00e1utico (29\/09\/07)<\/strong><br \/>\nB\u00e1sicamente esta propuesta surgi\u00f3 de la idea de hacer algo diferente todos los s\u00e1bados y as\u00ed promover la actividad f\u00edsica, principalmente para aquellos que no tienen la posibilidad o el inter\u00e9s de practicar alg\u00fan deporte fuera de la escuela.<br \/>\nPara este s\u00e1bado estaba programado un encuentro de voley en la ciudad de Necochea, pero como hab\u00eda varios que no pod\u00edan ir porque ten\u00edan otros compromisos, se decidi\u00f3 posponer la fecha y hacer algo divertido. Los profes propusieron, entonces, ir a hacer canotaje y la idea tuvo aceptaci\u00f3n casi un\u00e1nime.<br \/>\nEl encuentro se realizo a las 10.30 en el Centro N\u00e1utico. All\u00ed nos dividieron en grupos para que podamos disfrutar mejor, y dos profesores estuvieron a cargo de darnos las explicaciones b\u00e1sicas para poder realizar las actividades.<br \/>\nCuando nos enteramos que no era solo canotaje e inclu\u00eda tambi\u00e9n kayak, hubo varios que, por no decirlo de otra forma, se asustaron y no quisieron hacerlo; porque, para los que no saben, kayak se realiza de a uno. Por el contrario, hubo muchos mas postulantes para las canoas, que eran de a dos o de a tres.<br \/>\nLos mayores problemas fueron, la subida a los kayak, la partida desde al lado del muelle (mas de uno necesito un empujoncito), las dobladas (chicos\u2026 hab\u00eda que cambiar de direccion, no girar en un mismo eje!). Lo mejor, cuando nos dijeron que pod\u00edamos pasar por abajo del geiser, solo una o dos veces porque sino se llenaban de agua los kayak y las canoas. A decir verdad, hubo varios que no entendieron bien el concepto. Despu\u00e9s preguntaban por que no avanzaban\u2026 si ten\u00edan la canoa inundada!.<br \/>\nPara finalizar, fue una experiencia por dem\u00e1s divertida, que no solo incluyo momentos en el agua, sino que tambi\u00e9n compartimos juegos, risas y comida entre todos. Sirvi\u00f3 much\u00edsimo para ir afianzando la confianza entre nosotros y conocernos cada vez m\u00e1s.<br \/>\nEsperemos que se repita y\u2026 \u00bfQu\u00e9 nos esperara el s\u00e1bado pr\u00f3ximo? Divertido\u2026 Seguro!!<br \/>\n<strong>Comentarios:<br \/>\nRomi, Agos y Flor:<\/strong><br \/>\n&#8211; \u201cEstuvo re divertido y buen\u00edsimo. Lo mejor fue pasar por abajo del geiser que nos empapamos. Los chicos que nos explicaron eran re simp\u00e1ticos y nos re\u00edmos mucho con ellos. Estar\u00eda buen\u00edsimo repetirlo\u2026\u201d<br \/>\n<strong>Pedro:<\/strong><br \/>\n&#8211; \u201cEstuvo bueno. Igual hubiese estado mejor si hubi\u00e9ramos podido compartir mas tiempo juntos, ya sea desde la ma\u00f1ana haciendo un asado para comer todos juntos, y seguir con la actividad a la tarde. Pero igualmente la experiencia estuvo b\u00e1rbara y ya saben, para la pr\u00f3xima\u2026 ASADITO!!<\/p>\n<p><strong>Rappel en la cantera \u201cdos huecos\u201d (20\/10\/07)<\/strong><br \/>\nPara este s\u00e1bado se propuso una actividad diferente. Hicimos una especie de caminata hasta llegar a la cantera \u201cdos huecos\u201d, donde dos profesores especializados en actividades con cuerdas, nos dieron las instrucciones b\u00e1sicas para poder hacer rappel, como as\u00ed tambi\u00e9n nos brindaron informaci\u00f3n acerca de todo el equipo utilizado para realizar la actividad, y de la importancia que tiene que ese lugar se mantenga en buenas condiciones y que se haga un buen uso de los elementos.<br \/>\nUna vez que todos est\u00e1bamos equipados y preparados, hicimos rappel en el hueco mas bajo, que tendr\u00eda alrededor de 10 metros. Bajamos dos veces cada uno y, cuando ya estuvimos listos, pasamos a descender por el hueco mas alto, que tiene 22.5 metros. Hubo varios que no se animaron a bajar por ese porque ten\u00eda una parte muy empinada, donde muchos abandonaron.<br \/>\nDurante toda la actividad estuvimos totalmente acompa\u00f1ados por los dos profes de \u201cHorizonte vertical\u201d, que se hac\u00edan cargo de que estuvi\u00e9ramos seguros.<br \/>\nLa actividad estuvo muy buena, pero fue una lastima que hayamos sido pocos los que la disfrutamos. Nos gustar\u00eda que se repita y que la pr\u00f3xima vez vayan todos porque la verdad fue una experiencia incre\u00edble.<br \/>\nQueremos agradecerles a Marcos \u201cTito\u201d Villar y a Juan Manuel Constantin, que son los profes de \u201cHorizonte Vertical\u201d, que adem\u00e1s de hacer todo tipo de actividades con cuerdas, realizan campamentos educativos. A ellos muchas gracias por la ayuda y la responsabilidad. Si alguien esta interesado en saber m\u00e1s sobre el tipo de actividades que organizan, pueden consultar su p\u00e1gina Web:<br \/>\n<a href=\"http:\/\/www.horizonte-vertical.com.ar\" target=\"_blank\" rel=\"noopener\">www.horizonte-vertical.com.ar<\/a>.<\/p>\n<p><strong>Comentarios:<\/strong><\/p>\n<p><strong>Julia:<\/strong><br \/>\n&#8211; \u201cEstuvo re bueno y los chicos nos explicaron re bien como hacer para estar seguros. La mejor parte fue cuando bajamos de la pared empinada, que le dio miedo a varios\u2026\u201d<\/p>\n<p><strong>Luchi:<\/strong><br \/>\n&#8211; \u201cMe gusto mucho porque fue una actividad distinta que no tenemos la posibilidad de realizar todos los d\u00edas. La pr\u00f3xima vez avisen que hay que llevar pantal\u00f3n largo porque me comieron los mosquitos\u2026\u201d<\/p>\n<p><strong>Nadia:<\/strong><br \/>\n&#8211; \u201cEstuvo muy bueno. Fue una experiencia espectacular, y adem\u00e1s los chicos nos explicaron re bien y nos hicieron sentir muy seguros al momento de realizar la actividad<\/p>\n<\/div>\n\t\t<\/div><\/div><div id=\"pgc-890-1-1\"  class=\"panel-grid-cell\" ><div id=\"panel-890-1-1-0\" class=\"so-panel widget widget_lsi_widget panel-first-child\" data-index=\"2\" ><h3 class=\"widget-title\">Segu\u00ednos<\/h3><ul class=\"lsi-social-icons icon-set-widget-1-1-0\" style=\"text-align: left\"><li class=\"lsi-social-facebook\"><a class=\"\" rel=\"nofollow\" title=\"Facebook\" aria-label=\"Facebook\" href=\"https:\/\/www.facebook.com\/escuelanacional.ernestosabato\" target=\"_blank\"><i class=\"lsicon lsicon-facebook\"><\/i><\/a><\/li><li class=\"lsi-social-instagram\"><a class=\"\" rel=\"nofollow\" title=\"Instagram\" aria-label=\"Instagram\" href=\"https:\/\/www.instagram.com\/ernestoescsabato\/\" target=\"_blank\"><i class=\"lsicon lsicon-instagram\"><\/i><\/a><\/li><li class=\"lsi-social-twitter\"><a class=\"\" rel=\"nofollow\" title=\"Twitter\" aria-label=\"Twitter\" href=\"https:\/\/twitter.com\/escuela_sabato\" target=\"_blank\"><i class=\"lsicon lsicon-twitter\"><\/i><\/a><\/li><li class=\"lsi-social-youtube\"><a class=\"\" rel=\"nofollow\" title=\"YouTube\" aria-label=\"YouTube\" href=\"https:\/\/www.youtube.com\/channel\/UCpKc9ebFFPjy4Ta9y-xNJDg\" target=\"_blank\"><i class=\"lsicon lsicon-youtube\"><\/i><\/a><\/li><\/ul><\/div><div id=\"panel-890-1-1-1\" class=\"so-panel widget widget_text\" data-index=\"3\" >\t\t\t<div class=\"textwidget\"><p><img loading=\"lazy\" decoding=\"async\" class=\"alignnone size-medium wp-image-1070\" src=\"http:\/\/131.221.0.35\/wp-content\/uploads\/2020\/03\/radio_final-300x159.png\" alt=\"\" width=\"300\" height=\"159\" srcset=\"https:\/\/sabato.unicen.edu.ar\/wp-content\/uploads\/2020\/03\/radio_final-300x159.png 300w, https:\/\/sabato.unicen.edu.ar\/wp-content\/uploads\/2020\/03\/radio_final.png 348w\" sizes=\"(max-width: 300px) 100vw, 300px\" \/><\/p>\n<\/div>\n\t\t<\/div><div id=\"panel-890-1-1-2\" class=\"so-panel widget widget_text\" data-index=\"4\" >\t\t\t<div class=\"textwidget\"><p><a href=\"http:\/\/enes.comunidadeduar.com.ar\/\" target=\"_blank\" rel=\"noopener\"><img loading=\"lazy\" decoding=\"async\" class=\"alignnone size-medium wp-image-1079\" src=\"http:\/\/131.221.0.35\/wp-content\/uploads\/2020\/03\/logo-con-inscripcion_300-300x152.png\" alt=\"\" width=\"300\" height=\"152\" srcset=\"https:\/\/sabato.unicen.edu.ar\/wp-content\/uploads\/2020\/03\/logo-con-inscripcion_300-300x152.png 300w, https:\/\/sabato.unicen.edu.ar\/wp-content\/uploads\/2020\/03\/logo-con-inscripcion_300.png 324w\" sizes=\"(max-width: 300px) 100vw, 300px\" \/><\/a><\/p>\n<\/div>\n\t\t<\/div><div id=\"panel-890-1-1-3\" class=\"so-panel widget widget_text panel-last-child\" data-index=\"5\" >\t\t\t<div class=\"textwidget\"><p><a href=\"http:\/\/131.221.0.35\/wp-content\/uploads\/2020\/03\/CalendarioAcademico2020.pdf\" target=\"_blank\" rel=\"noopener\"><img loading=\"lazy\" decoding=\"async\" class=\"alignnone size-medium wp-image-1091\" src=\"http:\/\/131.221.0.35\/wp-content\/uploads\/2020\/03\/fondo-calendario-300x152.jpg\" alt=\"\" width=\"300\" height=\"152\" \/><\/a><\/p>\n<\/div>\n\t\t<\/div><\/div><\/div><\/div>","protected":false},"excerpt":{"rendered":"<p>Actividades Extraescolares Canotaje en el Centro N\u00e1utico (24\/04\/09) El d\u00eda 24 de abril el departamento de Educaci\u00f3n F\u00edsica realiz\u00f3 una actividad optativa (canotaje) en la Isla del Lago Caminata 19 de abril de 2008 Los alumnos fueron invitados por el departamento de Educaci\u00f3n F\u00edsicaa realizar una caminata recreativa por los cerros.El punto de encuentro fue [&hellip;]<\/p>\n","protected":false},"author":1,"featured_media":0,"parent":0,"menu_order":0,"comment_status":"closed","ping_status":"closed","template":"","meta":{"footnotes":""},"_links":{"self":[{"href":"https:\/\/sabato.unicen.edu.ar\/index.php?rest_route=\/wp\/v2\/pages\/890"}],"collection":[{"href":"https:\/\/sabato.unicen.edu.ar\/index.php?rest_route=\/wp\/v2\/pages"}],"about":[{"href":"https:\/\/sabato.unicen.edu.ar\/index.php?rest_route=\/wp\/v2\/types\/page"}],"author":[{"embeddable":true,"href":"https:\/\/sabato.unicen.edu.ar\/index.php?rest_route=\/wp\/v2\/users\/1"}],"replies":[{"embeddable":true,"href":"https:\/\/sabato.unicen.edu.ar\/index.php?rest_route=%2Fwp%2Fv2%2Fcomments&post=890"}],"version-history":[{"count":8,"href":"https:\/\/sabato.unicen.edu.ar\/index.php?rest_route=\/wp\/v2\/pages\/890\/revisions"}],"predecessor-version":[{"id":1240,"href":"https:\/\/sabato.unicen.edu.ar\/index.php?rest_route=\/wp\/v2\/pages\/890\/revisions\/1240"}],"wp:attachment":[{"href":"https:\/\/sabato.unicen.edu.ar\/index.php?rest_route=%2Fwp%2Fv2%2Fmedia&parent=890"}],"curies":[{"name":"wp","href":"https:\/\/api.w.org\/{rel}","templated":true}]}}