{"id":751,"date":"2020-02-17T01:56:35","date_gmt":"2020-02-17T00:56:35","guid":{"rendered":"http:\/\/131.221.0.35\/?page_id=751"},"modified":"2020-04-13T22:41:41","modified_gmt":"2020-04-13T20:41:41","slug":"elecciones","status":"publish","type":"page","link":"https:\/\/sabato.unicen.edu.ar\/?page_id=751","title":{"rendered":"Elecciones"},"content":{"rendered":"<div id=\"pl-751\"  class=\"panel-layout\" ><div id=\"pg-751-0\"  class=\"panel-grid panel-no-style\" ><div id=\"pgc-751-0-0\"  class=\"panel-grid-cell\" ><div id=\"panel-751-0-0-0\" class=\"so-panel widget widget_master-slider-main-widget master-slider-main-widget panel-first-child panel-last-child\" data-index=\"0\" >\n\t\t<!-- MasterSlider -->\n\t\t<div id=\"P_MS69e2be720595b\" class=\"master-slider-parent msl ms-parent-id-1\"  >\n\n\t\t\t\n\t\t\t<!-- MasterSlider Main -->\n\t\t\t<div id=\"MS69e2be720595b\" class=\"master-slider ms-skin-default\" >\n\t\t\t\t \t\t\t\t \n\t\t\t\t<div  class=\"ms-slide\" data-delay=\"3\" data-fill-mode=\"fill\"  >\n\t\t\t\t\t<img decoding=\"async\" src=\"https:\/\/sabato.unicen.edu.ar\/wp-content\/plugins\/master-slider\/public\/assets\/css\/blank.gif\" alt=\"\" title=\"\" data-src=\"https:\/\/sabato.unicen.edu.ar\/wp-content\/uploads\/2019\/08\/cropped-DSCN6534-1024x635-1000x420.jpg\" \/>\n\n\n\t<div class=\"ms-thumb\" ><div class=\"ms-tab-context\"><div class=&quot;ms-tab-context&quot;><\/div><\/div>\n<\/div>\n\t\t\t\t<\/div>\n\t\t\t\t<div  class=\"ms-slide\" data-delay=\"3\" data-fill-mode=\"fill\"  >\n\t\t\t\t\t<img decoding=\"async\" src=\"https:\/\/sabato.unicen.edu.ar\/wp-content\/plugins\/master-slider\/public\/assets\/css\/blank.gif\" alt=\"\" title=\"\" data-src=\"https:\/\/sabato.unicen.edu.ar\/wp-content\/uploads\/2019\/08\/cropped-DSCN6563-1024x692-1000x420.jpg\" \/>\n\n\n\t<div class=\"ms-thumb\" ><div class=\"ms-tab-context\"><div class=&quot;ms-tab-context&quot;><\/div><\/div>\n<\/div>\n\t\t\t\t<\/div>\n\n\t\t\t<\/div>\n\t\t\t<!-- END MasterSlider Main -->\n\n\t\t\t \n\t\t<\/div>\n\t\t<!-- END MasterSlider -->\n\n\t\t<script>\n\t\t(function ( $ ) {\n\t\t\t\"use strict\";\n\n\t\t\t$(function () {\n\t\t\t\tvar masterslider_595b = new MasterSlider();\n\n\t\t\t\t\/\/ slider controls\n\n\t\t\t\t\/\/ slider setup\n\t\t\t\tmasterslider_595b.setup(\"MS69e2be720595b\", {\n\t\t\t\t\t\twidth           : 1000,\n\t\t\t\t\t\theight          : 420,\n\t\t\t\t\t\tminHeight       : 450,\n\t\t\t\t\t\tspace           : 0,\n\t\t\t\t\t\tstart           : 1,\n\t\t\t\t\t\tgrabCursor      : true,\n\t\t\t\t\t\tswipe           : true,\n\t\t\t\t\t\tmouse           : true,\n\t\t\t\t\t\tlayout          : \"fullwidth\",\n\t\t\t\t\t\twheel           : false,\n\t\t\t\t\t\tautoplay        : true,\n\t\t\t\t\t\tinstantStartLayers:false,\n\t\t\t\t\t\tloop            : false,\n\t\t\t\t\t\tshuffle         : false,\n\t\t\t\t\t\tpreload         : 0,\n\t\t\t\t\t\theightLimit     : true,\n\t\t\t\t\t\tautoHeight      : false,\n\t\t\t\t\t\tsmoothHeight    : true,\n\t\t\t\t\t\tendPause        : false,\n\t\t\t\t\t\toverPause       : false,\n\t\t\t\t\t\tfillMode        : \"fill\",\n\t\t\t\t\t\tcenterControls  : true,\n\t\t\t\t\t\tstartOnAppear   : false,\n\t\t\t\t\t\tlayersMode      : \"center\",\n\t\t\t\t\t\thideLayers      : false,\n\t\t\t\t\t\tfullscreenMargin: 0,\n\t\t\t\t\t\tspeed           : 20,\n\t\t\t\t\t\tdir             : \"h\",\n\t\t\t\t\t\tparallaxMode    : 'swipe',\n\t\t\t\t\t\tview            : \"basic\"\n\t\t\t\t});\n\n\t\t\t\t\n\t\t\t\twindow.masterslider_instances = window.masterslider_instances || [];\n\t\t\t\twindow.masterslider_instances.push( masterslider_595b );\n\t\t\t });\n\n\t\t})(jQuery);\n\t\t<\/script>\n\n<\/div><\/div><\/div><div id=\"pg-751-1\"  class=\"panel-grid panel-no-style\" ><div id=\"pgc-751-1-0\"  class=\"panel-grid-cell\" ><div id=\"panel-751-1-0-0\" class=\"so-panel widget widget_text panel-first-child panel-last-child\" data-index=\"1\" >\t\t\t<div class=\"textwidget\"><h2><em>Elecciones<\/em><\/h2>\n<p><strong>2013<\/strong><\/p>\n<p>El dia viernes primero de noviembre en la Escuela Nacional Ernesto Sabato se realizo la 2da eleccion de Centro de estudiantes \u00ab15 de Junio\u00bb.<br \/>\nComenz\u00f3 a las 10:30 hs; durante los recreos, los alumnos sin obligacion efectuaron sus votos, eligiendo entre:<br \/>\nla lista Azul integrada por: Orellano Matias, Bruno Dennehy Maria, Pi\u00f1ero Celina, Fernandez Selene, Alonso Santiago, Perez Sol, Andres Matias.<\/p>\n<p>Y la lista Naranja: Amanto Agustin, Lazarte Guadalupe, Heer Dolores, Boulanger Luc\u00eda, Landa Lucia, Sansoni Agustin.<br \/>\nLas elecciones finalizaron con un resultado de 79,6% de los votos para la lista azul.<\/p>\n<p><strong>2012<\/strong><\/p>\n<p>Nuestro Centro de Estudiantes surgi\u00f3 hacia finales del a\u00f1o 2012 como un proyecto integrador y como una v\u00eda de expresi\u00f3n para los estudiantes de la Escuela Nacional Ernesto Sabato.<br \/>\nFueron armadas dos listas, Azul y Verde, conformadas por estudiantes de la misma escuela postulando representantes para presidente, vicepresidente, tesorero, secretario y tres vocales.<br \/>\nEn base a los proyectos enunciados por cada lista, se realiz\u00f3 en el mes de noviembre de 2012 una elecci\u00f3n formal en el mismo establecimiento que dio por ganadora a la lista Azul de la cual formamos parte:<br \/>\nAqu\u00ed detallamos algunos de nuestros proyectos:<br \/>\n&#8211; Establecer el Centro de Estudiantes como instrumento mediador ante los directivos, para acercar las inquietudes o reclamos de todos los estudiantes, dando el \u00e1mbito apropiado donde se puedan discutir y dar a conocer ideas y proyectos productivos generados por el estudiantado.<br \/>\n&#8211; Representar a la escuela para el reclamo de fondos a la Universidad, y generar recursos propios para conseguirlos.<br \/>\n&#8211; Promover proyectos de mejoras y refacciones de infraestructura.<br \/>\n&#8211; Crear un espacio creativo donde los estudiantes puedan expresarse en diversas maneras, pintando murales, haciendo m\u00fasica o con jornadas de lectura con la participaci\u00f3n de biblioteca y directivos.<br \/>\n&#8211; Digitalizar el material acad\u00e9mico para la reducci\u00f3n de costos en fotocopias y favorecer un acceso m\u00e1s r\u00e1pido y m\u00e1s directo del mismo.<br \/>\n&#8211; Exigir por la creaci\u00f3n de una nueva orientaci\u00f3n inclinada hacia la ingenier\u00eda.<br \/>\nEsperamos que el Centro de Estudiantes se desempe\u00f1e como una entidad de uni\u00f3n y cooperaci\u00f3n donde cada vez m\u00e1s alumnos se interesen en \u00e9l y aporten sus ideas y proyectos para que el Centro crezca.<\/p>\n<p>Nuestro inter\u00e9s es COMUN, el compromiso es NUESTRO.<\/p>\n<\/div>\n\t\t<\/div><\/div><div id=\"pgc-751-1-1\"  class=\"panel-grid-cell\" ><div id=\"panel-751-1-1-0\" class=\"so-panel widget widget_lsi_widget panel-first-child\" data-index=\"2\" ><h3 class=\"widget-title\">Segu\u00ednos<\/h3><ul class=\"lsi-social-icons icon-set-widget-1-1-0\" style=\"text-align: left\"><li class=\"lsi-social-facebook\"><a class=\"\" rel=\"nofollow\" title=\"Facebook\" aria-label=\"Facebook\" href=\"https:\/\/www.facebook.com\/escuelanacional.ernestosabato\" target=\"_blank\"><i class=\"lsicon lsicon-facebook\"><\/i><\/a><\/li><li class=\"lsi-social-instagram\"><a class=\"\" rel=\"nofollow\" title=\"Instagram\" aria-label=\"Instagram\" href=\"https:\/\/www.instagram.com\/ernestoescsabato\/\" target=\"_blank\"><i class=\"lsicon lsicon-instagram\"><\/i><\/a><\/li><li class=\"lsi-social-twitter\"><a class=\"\" rel=\"nofollow\" title=\"Twitter\" aria-label=\"Twitter\" href=\"https:\/\/twitter.com\/escuela_sabato\" target=\"_blank\"><i class=\"lsicon lsicon-twitter\"><\/i><\/a><\/li><li class=\"lsi-social-youtube\"><a class=\"\" rel=\"nofollow\" title=\"YouTube\" aria-label=\"YouTube\" href=\"https:\/\/www.youtube.com\/channel\/UCpKc9ebFFPjy4Ta9y-xNJDg\" target=\"_blank\"><i class=\"lsicon lsicon-youtube\"><\/i><\/a><\/li><\/ul><\/div><div id=\"panel-751-1-1-1\" class=\"so-panel widget widget_text\" data-index=\"3\" >\t\t\t<div class=\"textwidget\"><p><img loading=\"lazy\" decoding=\"async\" class=\"alignnone size-medium wp-image-1070\" src=\"http:\/\/131.221.0.35\/wp-content\/uploads\/2020\/03\/radio_final-300x159.png\" alt=\"\" width=\"300\" height=\"159\" srcset=\"https:\/\/sabato.unicen.edu.ar\/wp-content\/uploads\/2020\/03\/radio_final-300x159.png 300w, https:\/\/sabato.unicen.edu.ar\/wp-content\/uploads\/2020\/03\/radio_final.png 348w\" sizes=\"(max-width: 300px) 100vw, 300px\" \/><\/p>\n<\/div>\n\t\t<\/div><div id=\"panel-751-1-1-2\" class=\"so-panel widget widget_text\" data-index=\"4\" >\t\t\t<div class=\"textwidget\"><p><a href=\"http:\/\/enes.comunidadeduar.com.ar\/\" target=\"_blank\" rel=\"noopener\"><img loading=\"lazy\" decoding=\"async\" class=\"alignnone size-medium wp-image-1079\" src=\"http:\/\/131.221.0.35\/wp-content\/uploads\/2020\/03\/logo-con-inscripcion_300-300x152.png\" alt=\"\" width=\"300\" height=\"152\" srcset=\"https:\/\/sabato.unicen.edu.ar\/wp-content\/uploads\/2020\/03\/logo-con-inscripcion_300-300x152.png 300w, https:\/\/sabato.unicen.edu.ar\/wp-content\/uploads\/2020\/03\/logo-con-inscripcion_300.png 324w\" sizes=\"(max-width: 300px) 100vw, 300px\" \/><\/a><\/p>\n<\/div>\n\t\t<\/div><div id=\"panel-751-1-1-3\" class=\"so-panel widget widget_text panel-last-child\" data-index=\"5\" >\t\t\t<div class=\"textwidget\"><p><a href=\"http:\/\/131.221.0.35\/wp-content\/uploads\/2020\/03\/CalendarioAcademico2020.pdf\" target=\"_blank\" rel=\"noopener\"><img loading=\"lazy\" decoding=\"async\" class=\"alignnone size-medium wp-image-1091\" src=\"http:\/\/131.221.0.35\/wp-content\/uploads\/2020\/03\/fondo-calendario-300x152.jpg\" alt=\"\" width=\"300\" height=\"152\" \/><\/a><\/p>\n<\/div>\n\t\t<\/div><\/div><\/div><\/div>","protected":false},"excerpt":{"rendered":"<p>Elecciones 2013 El dia viernes primero de noviembre en la Escuela Nacional Ernesto Sabato se realizo la 2da eleccion de Centro de estudiantes \u00ab15 de Junio\u00bb. Comenz\u00f3 a las 10:30 hs; durante los recreos, los alumnos sin obligacion efectuaron sus votos, eligiendo entre: la lista Azul integrada por: Orellano Matias, Bruno Dennehy Maria, Pi\u00f1ero Celina, [&hellip;]<\/p>\n","protected":false},"author":1,"featured_media":0,"parent":0,"menu_order":0,"comment_status":"closed","ping_status":"closed","template":"","meta":{"footnotes":""},"_links":{"self":[{"href":"https:\/\/sabato.unicen.edu.ar\/index.php?rest_route=\/wp\/v2\/pages\/751"}],"collection":[{"href":"https:\/\/sabato.unicen.edu.ar\/index.php?rest_route=\/wp\/v2\/pages"}],"about":[{"href":"https:\/\/sabato.unicen.edu.ar\/index.php?rest_route=\/wp\/v2\/types\/page"}],"author":[{"embeddable":true,"href":"https:\/\/sabato.unicen.edu.ar\/index.php?rest_route=\/wp\/v2\/users\/1"}],"replies":[{"embeddable":true,"href":"https:\/\/sabato.unicen.edu.ar\/index.php?rest_route=%2Fwp%2Fv2%2Fcomments&post=751"}],"version-history":[{"count":7,"href":"https:\/\/sabato.unicen.edu.ar\/index.php?rest_route=\/wp\/v2\/pages\/751\/revisions"}],"predecessor-version":[{"id":761,"href":"https:\/\/sabato.unicen.edu.ar\/index.php?rest_route=\/wp\/v2\/pages\/751\/revisions\/761"}],"wp:attachment":[{"href":"https:\/\/sabato.unicen.edu.ar\/index.php?rest_route=%2Fwp%2Fv2%2Fmedia&parent=751"}],"curies":[{"name":"wp","href":"https:\/\/api.w.org\/{rel}","templated":true}]}}