{"id":68,"date":"2019-08-05T12:24:04","date_gmt":"2019-08-05T10:24:04","guid":{"rendered":"http:\/\/131.221.0.35\/?page_id=68"},"modified":"2020-04-13T22:53:39","modified_gmt":"2020-04-13T20:53:39","slug":"actos-escolares","status":"publish","type":"page","link":"https:\/\/sabato.unicen.edu.ar\/?page_id=68","title":{"rendered":"Actos escolares"},"content":{"rendered":"<div id=\"pl-gb68-69e2be730480f\"  class=\"panel-layout\" ><div id=\"pg-gb68-69e2be730480f-0\"  class=\"panel-grid panel-no-style\"  data-style=\"{&quot;background_image_attachment&quot;:false,&quot;background_display&quot;:&quot;tile&quot;,&quot;full_height&quot;:&quot;&quot;,&quot;cell_alignment&quot;:&quot;flex-start&quot;}\"  data-ratio=\"1\"  data-ratio-direction=\"right\" ><div id=\"pgc-gb68-69e2be730480f-0-0\"  class=\"panel-grid-cell\"  data-weight=\"1\" ><div id=\"panel-gb68-69e2be730480f-0-0-0\" class=\"so-panel widget widget_master-slider-main-widget master-slider-main-widget panel-first-child panel-last-child\" data-index=\"0\" data-style=\"{&quot;background_image_attachment&quot;:false,&quot;background_display&quot;:&quot;tile&quot;}\" >\n\t\t<!-- MasterSlider -->\n\t\t<div id=\"P_MS69e2be7304da1\" class=\"master-slider-parent msl ms-parent-id-1\"  >\n\n\t\t\t\n\t\t\t<!-- MasterSlider Main -->\n\t\t\t<div id=\"MS69e2be7304da1\" class=\"master-slider ms-skin-default\" >\n\t\t\t\t \t\t\t\t \n\t\t\t\t<div  class=\"ms-slide\" data-delay=\"3\" data-fill-mode=\"fill\"  >\n\t\t\t\t\t<img decoding=\"async\" src=\"https:\/\/sabato.unicen.edu.ar\/wp-content\/plugins\/master-slider\/public\/assets\/css\/blank.gif\" alt=\"\" title=\"\" data-src=\"https:\/\/sabato.unicen.edu.ar\/wp-content\/uploads\/2019\/08\/cropped-DSCN6534-1024x635-1000x420.jpg\" \/>\n\n\n\t<div class=\"ms-thumb\" ><div class=\"ms-tab-context\"><div class=&quot;ms-tab-context&quot;><\/div><\/div>\n<\/div>\n\t\t\t\t<\/div>\n\t\t\t\t<div  class=\"ms-slide\" data-delay=\"3\" data-fill-mode=\"fill\"  >\n\t\t\t\t\t<img decoding=\"async\" src=\"https:\/\/sabato.unicen.edu.ar\/wp-content\/plugins\/master-slider\/public\/assets\/css\/blank.gif\" alt=\"\" title=\"\" data-src=\"https:\/\/sabato.unicen.edu.ar\/wp-content\/uploads\/2019\/08\/cropped-DSCN6563-1024x692-1000x420.jpg\" \/>\n\n\n\t<div class=\"ms-thumb\" ><div class=\"ms-tab-context\"><div class=&quot;ms-tab-context&quot;><\/div><\/div>\n<\/div>\n\t\t\t\t<\/div>\n\n\t\t\t<\/div>\n\t\t\t<!-- END MasterSlider Main -->\n\n\t\t\t \n\t\t<\/div>\n\t\t<!-- END MasterSlider -->\n\n\t\t<script>\n\t\t(function ( $ ) {\n\t\t\t\"use strict\";\n\n\t\t\t$(function () {\n\t\t\t\tvar masterslider_4da1 = new MasterSlider();\n\n\t\t\t\t\/\/ slider controls\n\n\t\t\t\t\/\/ slider setup\n\t\t\t\tmasterslider_4da1.setup(\"MS69e2be7304da1\", {\n\t\t\t\t\t\twidth           : 1000,\n\t\t\t\t\t\theight          : 420,\n\t\t\t\t\t\tminHeight       : 450,\n\t\t\t\t\t\tspace           : 0,\n\t\t\t\t\t\tstart           : 1,\n\t\t\t\t\t\tgrabCursor      : true,\n\t\t\t\t\t\tswipe           : true,\n\t\t\t\t\t\tmouse           : true,\n\t\t\t\t\t\tlayout          : \"fullwidth\",\n\t\t\t\t\t\twheel           : false,\n\t\t\t\t\t\tautoplay        : true,\n\t\t\t\t\t\tinstantStartLayers:false,\n\t\t\t\t\t\tloop            : false,\n\t\t\t\t\t\tshuffle         : false,\n\t\t\t\t\t\tpreload         : 0,\n\t\t\t\t\t\theightLimit     : true,\n\t\t\t\t\t\tautoHeight      : false,\n\t\t\t\t\t\tsmoothHeight    : true,\n\t\t\t\t\t\tendPause        : false,\n\t\t\t\t\t\toverPause       : false,\n\t\t\t\t\t\tfillMode        : \"fill\",\n\t\t\t\t\t\tcenterControls  : true,\n\t\t\t\t\t\tstartOnAppear   : false,\n\t\t\t\t\t\tlayersMode      : \"center\",\n\t\t\t\t\t\thideLayers      : false,\n\t\t\t\t\t\tfullscreenMargin: 0,\n\t\t\t\t\t\tspeed           : 20,\n\t\t\t\t\t\tdir             : \"h\",\n\t\t\t\t\t\tparallaxMode    : 'swipe',\n\t\t\t\t\t\tview            : \"basic\"\n\t\t\t\t});\n\n\t\t\t\t\n\t\t\t\twindow.masterslider_instances = window.masterslider_instances || [];\n\t\t\t\twindow.masterslider_instances.push( masterslider_4da1 );\n\t\t\t });\n\n\t\t})(jQuery);\n\t\t<\/script>\n\n<\/div><\/div><\/div><div id=\"pg-gb68-69e2be730480f-1\"  class=\"panel-grid panel-no-style\"  data-style=\"{&quot;background_image_attachment&quot;:false,&quot;background_display&quot;:&quot;tile&quot;,&quot;full_height&quot;:&quot;&quot;,&quot;cell_alignment&quot;:&quot;flex-start&quot;}\" ><div id=\"pgc-gb68-69e2be730480f-1-0\"  class=\"panel-grid-cell\"  data-weight=\"0.70040080160321\" ><div id=\"panel-gb68-69e2be730480f-1-0-0\" class=\"so-panel widget widget_text panel-first-child panel-last-child\" data-index=\"1\" data-style=\"{&quot;background_image_attachment&quot;:false,&quot;background_display&quot;:&quot;tile&quot;}\" >\t\t\t<div class=\"textwidget\"><h2><em>Actos Escolares<\/em><\/h2>\n<p>Existe un importante riesgo en la tarea de conmemorar y celebrar las fechas fijadas en el calendario escolar.<br \/>\nEse riesgo es la cristalizaci\u00f3n, la p\u00e9rdida de sentido que convierte a los actos escolares en meras formalidades.<br \/>\nEn la escuela hemos decidido que esto no debe suceder, y encontramos un camino posible para ello fundado en varios puntos.<br \/>\nEn primer lugar, no podemos darnos el lujo de desperdiciar el tiempo escolar con acciones vac\u00edas de contenidos.<br \/>\nEn segundo lugar, creemos que es necesario repensar c\u00faales son los contenidos que queremos para estos casos. Porque hablar de vac\u00edo es relativo teniendo en cuenta que probablemente s\u00ed estemos ense\u00f1ando algo a nuestros alumnos permitiendo que los actos se conviertan en formalidades. Pensemos qu\u00e9 cuestiones tratamos en los actos (identidades, tradiciones, historia, etc.) y nos daremos cuenta\u2026<br \/>\nAcordamos institucionalmente en que el sistema educativo debe incluir en su agenda, en forma prioritaria, la <strong>educaci\u00f3n en valores<\/strong> en el marco de una <strong>educaci\u00f3n ciudadana<\/strong> que forme a los alumnos como ciudadanos aut\u00f3nomos, cr\u00edticos, responsables y participativos, sobre una base de valores b\u00e1sicos. Valores b\u00e1sicos como respeto, solidaridad y responsabilidad que redefinan la actual preeminencia de valores pragm\u00e1ticos y utilitarios centrados en beneficios individuales y materiales. <strong>(*)<\/strong><br \/>\nEn tercer lugar, con lo antes dicho, nos preguntamos concretamente \u00bfc\u00f3mo hacer? \u00bfQu\u00e9 hacer con los actos? \u00bfC\u00f3mo encararlos?<br \/>\nTenemos en cuenta la forma de organizaci\u00f3n de los mismos, y aqu\u00ed recuperamos la idea de participaci\u00f3n en todo el proceso (desde pensar el acto hasta la puesta final) de la mayor cantidad posible de alumnos, de diferentes alumnos cada vez, y de la rotaci\u00f3n de docentes coordinadores, en duplas generalmente, tanto de actos como de carteleras.<br \/>\nIntentamos incluir a la comunidad educativa, y como habr\u00e1n le\u00eddo en n\u00fameros anteriores de la revista y podr\u00e1n hacerlo en este art\u00edculo, invitamos a personas e instituciones que aceptan compartir sus saberes y\/o experiencias con nuestra comunidad educativa m\u00e1s directa (alumnos, familias, docentes).<br \/>\nPor \u00faltimo, lo que intentamos mostrarles en esta nota, es lo que podr\u00edamos tratar de definir como una vuelta m\u00e1s a los contenidos tratados tradicionalmente en cada acto. Actos que en su totalidad conmemoran o celebran hechos hist\u00f3ricos que definen de una manera u otra nuestra historia y nuestra identidad.<br \/>\nUna vuelta m\u00e1s que implica, sumar a la recordaci\u00f3n de los hechos (que en muchas ocasiones son interpretados de diferentes maneras, dichos por diferentes voces y tratamos siempre de incluirlas) un disparador que no desvirt\u00fae la fecha a conmemorar y que conduzca a una reflexi\u00f3n comprometida por parte de los alumnos. Por ejemplo: acercar un concepto, acercarlo hist\u00f3ricamente y pensarlo hoy, en la escuela, en la familia, en la sociedad. Esto modifica la estructura tradicional de un acto, porque entonces se hacen necesarios los debates, y por ende el aprender a opinar, a escucharse, a argumentar, a reflexionar\u2026y aqu\u00ed regresamos al principio, \u00bfno es esto trabajar para una \u00abeducaci\u00f3n en valores en el marco de una educaci\u00f3n ciudadana\u00bb como la qu\u00e9 definimos anteriormente?<br \/>\n\u00bfEs posible?<br \/>\nCreemos que s\u00ed, lo intentamos acto a acto, y por esto nos empe\u00f1amos en contarles, n\u00famero a n\u00famero, parte de lo sucedido en nuestros actos a lo largo del a\u00f1o.<br \/>\n<strong>(*) Citamos aqu\u00ed el Proyecto Educativo Institucional de la escuela.<\/strong><\/p>\n<p align=\"right\">Prof. Paula Russi<br \/>\nArt\u00edculo de la revista institucional \u00abComunidad Educativa\u00bb<\/p>\n<\/div>\n\t\t<\/div><\/div><div id=\"pgc-gb68-69e2be730480f-1-1\"  class=\"panel-grid-cell\"  data-weight=\"0.29959919839679\" ><div id=\"panel-gb68-69e2be730480f-1-1-0\" class=\"so-panel widget widget_lsi_widget panel-first-child\" data-index=\"2\" data-style=\"{&quot;background_image_attachment&quot;:false,&quot;background_display&quot;:&quot;tile&quot;}\" ><h3 class=\"widget-title\">Segu\u00ednos<\/h3><ul class=\"lsi-social-icons icon-set-widget-1-1-0\" style=\"text-align: left\"><li class=\"lsi-social-facebook\"><a class=\"\" rel=\"nofollow\" title=\"Facebook\" aria-label=\"Facebook\" href=\"https:\/\/www.facebook.com\/escuelanacional.ernestosabato\" target=\"_blank\"><i class=\"lsicon lsicon-facebook\"><\/i><\/a><\/li><li class=\"lsi-social-instagram\"><a class=\"\" rel=\"nofollow\" title=\"Instagram\" aria-label=\"Instagram\" href=\"https:\/\/www.instagram.com\/ernestoescsabato\/\" target=\"_blank\"><i class=\"lsicon lsicon-instagram\"><\/i><\/a><\/li><li class=\"lsi-social-twitter\"><a class=\"\" rel=\"nofollow\" title=\"Twitter\" aria-label=\"Twitter\" href=\"https:\/\/twitter.com\/escuela_sabato\" target=\"_blank\"><i class=\"lsicon lsicon-twitter\"><\/i><\/a><\/li><li class=\"lsi-social-youtube\"><a class=\"\" rel=\"nofollow\" title=\"YouTube\" aria-label=\"YouTube\" href=\"https:\/\/www.youtube.com\/channel\/UCpKc9ebFFPjy4Ta9y-xNJDg\" target=\"_blank\"><i class=\"lsicon lsicon-youtube\"><\/i><\/a><\/li><\/ul><\/div><div id=\"panel-gb68-69e2be730480f-1-1-1\" class=\"so-panel widget widget_text\" data-index=\"3\" data-style=\"{&quot;background_image_attachment&quot;:false,&quot;background_display&quot;:&quot;tile&quot;}\" >\t\t\t<div class=\"textwidget\"><p><img loading=\"lazy\" decoding=\"async\" class=\"alignnone size-medium wp-image-1070\" src=\"http:\/\/131.221.0.35\/wp-content\/uploads\/2020\/03\/radio_final-300x159.png\" alt=\"\" width=\"300\" height=\"159\" srcset=\"https:\/\/sabato.unicen.edu.ar\/wp-content\/uploads\/2020\/03\/radio_final-300x159.png 300w, https:\/\/sabato.unicen.edu.ar\/wp-content\/uploads\/2020\/03\/radio_final.png 348w\" sizes=\"(max-width: 300px) 100vw, 300px\" \/><\/p>\n<\/div>\n\t\t<\/div><div id=\"panel-gb68-69e2be730480f-1-1-2\" class=\"so-panel widget widget_text\" data-index=\"4\" data-style=\"{&quot;background_image_attachment&quot;:false,&quot;background_display&quot;:&quot;tile&quot;}\" >\t\t\t<div class=\"textwidget\"><p><a href=\"http:\/\/enes.comunidadeduar.com.ar\/\" target=\"_blank\" rel=\"noopener\"><img loading=\"lazy\" decoding=\"async\" class=\"alignnone size-medium wp-image-1079\" src=\"http:\/\/131.221.0.35\/wp-content\/uploads\/2020\/03\/logo-con-inscripcion_300-300x152.png\" alt=\"\" width=\"300\" height=\"152\" srcset=\"https:\/\/sabato.unicen.edu.ar\/wp-content\/uploads\/2020\/03\/logo-con-inscripcion_300-300x152.png 300w, https:\/\/sabato.unicen.edu.ar\/wp-content\/uploads\/2020\/03\/logo-con-inscripcion_300.png 324w\" sizes=\"(max-width: 300px) 100vw, 300px\" \/><\/a><\/p>\n<\/div>\n\t\t<\/div><div id=\"panel-gb68-69e2be730480f-1-1-3\" class=\"so-panel widget widget_text panel-last-child\" data-index=\"5\" data-style=\"{&quot;background_image_attachment&quot;:false,&quot;background_display&quot;:&quot;tile&quot;}\" >\t\t\t<div class=\"textwidget\"><p><a href=\"http:\/\/131.221.0.35\/wp-content\/uploads\/2020\/03\/CalendarioAcademico2020.pdf\" target=\"_blank\" rel=\"noopener\"><img loading=\"lazy\" decoding=\"async\" class=\"alignnone size-medium wp-image-1091\" src=\"http:\/\/131.221.0.35\/wp-content\/uploads\/2020\/03\/fondo-calendario-300x152.jpg\" alt=\"\" width=\"300\" height=\"152\" \/><\/a><\/p>\n<\/div>\n\t\t<\/div><\/div><\/div><\/div>","protected":false},"excerpt":{"rendered":"<p>Actos Escolares Existe un importante riesgo en la tarea de conmemorar y celebrar las fechas fijadas en el calendario escolar. Ese riesgo es la cristalizaci\u00f3n, la p\u00e9rdida de sentido que convierte a los actos escolares en meras formalidades. En la escuela hemos decidido que esto no debe suceder, y encontramos un camino posible para ello [&hellip;]<\/p>\n","protected":false},"author":1,"featured_media":0,"parent":0,"menu_order":0,"comment_status":"closed","ping_status":"closed","template":"","meta":{"footnotes":""},"_links":{"self":[{"href":"https:\/\/sabato.unicen.edu.ar\/index.php?rest_route=\/wp\/v2\/pages\/68"}],"collection":[{"href":"https:\/\/sabato.unicen.edu.ar\/index.php?rest_route=\/wp\/v2\/pages"}],"about":[{"href":"https:\/\/sabato.unicen.edu.ar\/index.php?rest_route=\/wp\/v2\/types\/page"}],"author":[{"embeddable":true,"href":"https:\/\/sabato.unicen.edu.ar\/index.php?rest_route=\/wp\/v2\/users\/1"}],"replies":[{"embeddable":true,"href":"https:\/\/sabato.unicen.edu.ar\/index.php?rest_route=%2Fwp%2Fv2%2Fcomments&post=68"}],"version-history":[{"count":3,"href":"https:\/\/sabato.unicen.edu.ar\/index.php?rest_route=\/wp\/v2\/pages\/68\/revisions"}],"predecessor-version":[{"id":1236,"href":"https:\/\/sabato.unicen.edu.ar\/index.php?rest_route=\/wp\/v2\/pages\/68\/revisions\/1236"}],"wp:attachment":[{"href":"https:\/\/sabato.unicen.edu.ar\/index.php?rest_route=%2Fwp%2Fv2%2Fmedia&parent=68"}],"curies":[{"name":"wp","href":"https:\/\/api.w.org\/{rel}","templated":true}]}}