{"id":638,"date":"2020-02-14T14:02:04","date_gmt":"2020-02-14T13:02:04","guid":{"rendered":"http:\/\/131.221.0.35\/?page_id=638"},"modified":"2020-02-14T14:27:14","modified_gmt":"2020-02-14T13:27:14","slug":"modelo-de-naciones-unidas-asociacion-conciencia","status":"publish","type":"page","link":"https:\/\/sabato.unicen.edu.ar\/?page_id=638","title":{"rendered":"Modelo de Naciones Unidas Asociaci\u00f3n Conciencia"},"content":{"rendered":"<div id=\"pl-638\"  class=\"panel-layout\" ><div id=\"pg-638-0\"  class=\"panel-grid panel-no-style\" ><div id=\"pgc-638-0-0\"  class=\"panel-grid-cell\" ><div id=\"panel-638-0-0-0\" class=\"so-panel widget widget_master-slider-main-widget master-slider-main-widget panel-first-child panel-last-child\" data-index=\"0\" >\n\t\t<!-- MasterSlider -->\n\t\t<div id=\"P_MS6a0389b40ce5a\" class=\"master-slider-parent msl ms-parent-id-1\"  >\n\n\t\t\t\n\t\t\t<!-- MasterSlider Main -->\n\t\t\t<div id=\"MS6a0389b40ce5a\" class=\"master-slider ms-skin-default\" >\n\t\t\t\t \t\t\t\t \n\t\t\t\t<div  class=\"ms-slide\" data-delay=\"3\" data-fill-mode=\"fill\"  >\n\t\t\t\t\t<img decoding=\"async\" src=\"https:\/\/sabato.unicen.edu.ar\/wp-content\/plugins\/master-slider\/public\/assets\/css\/blank.gif\" alt=\"\" title=\"\" data-src=\"https:\/\/sabato.unicen.edu.ar\/wp-content\/uploads\/2019\/08\/cropped-DSCN6534-1024x635-1000x420.jpg\" \/>\n\n\n\t<div class=\"ms-thumb\" ><div class=\"ms-tab-context\"><div class=&quot;ms-tab-context&quot;><\/div><\/div>\n<\/div>\n\t\t\t\t<\/div>\n\t\t\t\t<div  class=\"ms-slide\" data-delay=\"3\" data-fill-mode=\"fill\"  >\n\t\t\t\t\t<img decoding=\"async\" src=\"https:\/\/sabato.unicen.edu.ar\/wp-content\/plugins\/master-slider\/public\/assets\/css\/blank.gif\" alt=\"\" title=\"\" data-src=\"https:\/\/sabato.unicen.edu.ar\/wp-content\/uploads\/2019\/08\/cropped-DSCN6563-1024x692-1000x420.jpg\" \/>\n\n\n\t<div class=\"ms-thumb\" ><div class=\"ms-tab-context\"><div class=&quot;ms-tab-context&quot;><\/div><\/div>\n<\/div>\n\t\t\t\t<\/div>\n\n\t\t\t<\/div>\n\t\t\t<!-- END MasterSlider Main -->\n\n\t\t\t \n\t\t<\/div>\n\t\t<!-- END MasterSlider -->\n\n\t\t<script>\n\t\t(function ( $ ) {\n\t\t\t\"use strict\";\n\n\t\t\t$(function () {\n\t\t\t\tvar masterslider_ce5a = new MasterSlider();\n\n\t\t\t\t\/\/ slider controls\n\n\t\t\t\t\/\/ slider setup\n\t\t\t\tmasterslider_ce5a.setup(\"MS6a0389b40ce5a\", {\n\t\t\t\t\t\twidth           : 1000,\n\t\t\t\t\t\theight          : 420,\n\t\t\t\t\t\tminHeight       : 450,\n\t\t\t\t\t\tspace           : 0,\n\t\t\t\t\t\tstart           : 1,\n\t\t\t\t\t\tgrabCursor      : true,\n\t\t\t\t\t\tswipe           : true,\n\t\t\t\t\t\tmouse           : true,\n\t\t\t\t\t\tlayout          : \"fullwidth\",\n\t\t\t\t\t\twheel           : false,\n\t\t\t\t\t\tautoplay        : true,\n\t\t\t\t\t\tinstantStartLayers:false,\n\t\t\t\t\t\tloop            : false,\n\t\t\t\t\t\tshuffle         : false,\n\t\t\t\t\t\tpreload         : 0,\n\t\t\t\t\t\theightLimit     : true,\n\t\t\t\t\t\tautoHeight      : false,\n\t\t\t\t\t\tsmoothHeight    : true,\n\t\t\t\t\t\tendPause        : false,\n\t\t\t\t\t\toverPause       : false,\n\t\t\t\t\t\tfillMode        : \"fill\",\n\t\t\t\t\t\tcenterControls  : true,\n\t\t\t\t\t\tstartOnAppear   : false,\n\t\t\t\t\t\tlayersMode      : \"center\",\n\t\t\t\t\t\thideLayers      : false,\n\t\t\t\t\t\tfullscreenMargin: 0,\n\t\t\t\t\t\tspeed           : 20,\n\t\t\t\t\t\tdir             : \"h\",\n\t\t\t\t\t\tparallaxMode    : 'swipe',\n\t\t\t\t\t\tview            : \"basic\"\n\t\t\t\t});\n\n\t\t\t\t\n\t\t\t\twindow.masterslider_instances = window.masterslider_instances || [];\n\t\t\t\twindow.masterslider_instances.push( masterslider_ce5a );\n\t\t\t });\n\n\t\t})(jQuery);\n\t\t<\/script>\n\n<\/div><\/div><\/div><div id=\"pg-638-1\"  class=\"panel-grid panel-no-style\" ><div id=\"pgc-638-1-0\"  class=\"panel-grid-cell panel-grid-cell-mobile-last\" ><div id=\"panel-638-1-0-0\" class=\"so-panel widget widget_text panel-first-child panel-last-child\" data-index=\"1\" >\t\t\t<div class=\"textwidget\"><h3>\u00bfQue es el Modelo de Naciones Unidas?<\/h3>\n<p>El <em>Modelo de Naciones Unidas<\/em> es una instancia formativa y educativa que re\u00fane a estudiantes de nivel medio y polimodal de todo nuestro pa\u00eds, a partir de la iniciativa de la <em>Asociaci\u00f3n Conciencia<\/em>, a trav\u00e9s de su sud programa <em>Uniendo Metas<\/em> desde hace diez a\u00f1os. El mismo se articula en Modelos locales y regionales, que son organizados por diferentes escuelas del pa\u00eds, y el Modelo nacional que la misma Asociaci\u00f3n lleva adelante una vez por a\u00f1o en la ciudad de Buenos Aires. Esta metodolog\u00eda se basa en un <strong>Juego de Roles<\/strong>, y se lleva adelante en diferentes pa\u00edses del globo. En \u00e9l los alumnos de nivel polimodal se \u201cconvierten\u201d, en representantes internacionales de cada uno de los pa\u00edses u organizaciones que se constituyen en el Modelo. Se representan en cada Modelo los distintos organismos que conforman las Naciones Unidas en la realidad, con las funciones y roles que le son propios, la Asamblea General y sus comisiones, como as\u00ed tambi\u00e9n el consejo de seguridad, y en los Modelos de mayor envergadura el Consejo Econ\u00f3mico y Social.<br \/>\nSe trata de un evento educativo y cultural en el que los j\u00f3venes que participan, se forman en temas referidos a pol\u00edtica internacional, al funcionamiento de las Naciones Unidas como organismos y adem\u00e1s, adquieren una visi\u00f3n global que los ubica en una nueva perspectiva frente el mundo que los rodea. El desarrollo de las discusiones en los diferentes organismos, se realiza a agenda cerrada \u2013 T\u00f3picos- que son selecciones por la organizaci\u00f3n y publicados con anterioridad; en todo el pa\u00eds cada a\u00f1o los adolescentes investigan y debaten sobre los mismos temas; As\u00ed los \u201cflamantes diplom\u00e1ticos\u201d preparan sus posiciones pol\u00edticas, proyectos y futuros tratados internacionales, teniendo como eje los temas, en consonancia con la posici\u00f3n de los pa\u00edses que representan y la situaci\u00f3n del mundo en general.<br \/>\nEl clima durante las jornadas de trabajo es particular, todo se rige bajo una absoluta formalidad entre los \u201cdelegados y embajadores\u201d, y a partir de un reglamento que organiza todos los aspectos de la jornada, discusiones, discursos, intervenciones y debates. Las delegaciones son observadas y evaluadas por representantes de la propia asociaci\u00f3n y de la organizaci\u00f3n local. Quienes al final del Modelo premian a las mejores participaciones, teniendo en cuenta actuaciones personales, pero principalmente, la actuaci\u00f3n grupal. La clave es el trabajo en equipo y la comunicaci\u00f3n, no solo los delegados deben llevar en claro su postura para todos defenderla en el mismo sentido, sino que tambi\u00e9n, deben poder mantener una aceitada comunicaci\u00f3n; que except\u00faa al docente coordinador durante los d\u00edas que se desarrolla el encuentro; entre los distintos organismos participantes solucionando y posesion\u00e1ndose en situaciones nuevas y muchas veces no previstas.<br \/>\nUna experiencia que se constituye en una herramienta de aprendizaje en la expresi\u00f3n oral y escrita, en el an\u00e1lisis de textos y la investigaci\u00f3n. Pero principalmente es un aprendizaje grupal.<\/p>\n<p><strong>Participaciones de la Escuela en el Modelo de Naciones Unidas<\/strong><\/p>\n<p><a href=\"http:\/\/131.221.0.35\/?page_id=644\" target=\"_blank\" rel=\"noopener\">A\u00f1o 2005<\/a><br \/>\n<a href=\"http:\/\/131.221.0.35\/?page_id=651\" target=\"_blank\" rel=\"noopener\">A\u00f1o 2008<\/a><\/p>\n<\/div>\n\t\t<\/div><\/div><div id=\"pgc-638-1-1\"  class=\"panel-grid-cell panel-grid-cell-empty\" ><\/div><\/div><\/div>","protected":false},"excerpt":{"rendered":"<p>\u00bfQue es el Modelo de Naciones Unidas? El Modelo de Naciones Unidas es una instancia formativa y educativa que re\u00fane a estudiantes de nivel medio y polimodal de todo nuestro pa\u00eds, a partir de la iniciativa de la Asociaci\u00f3n Conciencia, a trav\u00e9s de su sud programa Uniendo Metas desde hace diez a\u00f1os. El mismo se [&hellip;]<\/p>\n","protected":false},"author":1,"featured_media":0,"parent":0,"menu_order":0,"comment_status":"closed","ping_status":"closed","template":"","meta":{"footnotes":""},"_links":{"self":[{"href":"https:\/\/sabato.unicen.edu.ar\/index.php?rest_route=\/wp\/v2\/pages\/638"}],"collection":[{"href":"https:\/\/sabato.unicen.edu.ar\/index.php?rest_route=\/wp\/v2\/pages"}],"about":[{"href":"https:\/\/sabato.unicen.edu.ar\/index.php?rest_route=\/wp\/v2\/types\/page"}],"author":[{"embeddable":true,"href":"https:\/\/sabato.unicen.edu.ar\/index.php?rest_route=\/wp\/v2\/users\/1"}],"replies":[{"embeddable":true,"href":"https:\/\/sabato.unicen.edu.ar\/index.php?rest_route=%2Fwp%2Fv2%2Fcomments&post=638"}],"version-history":[{"count":6,"href":"https:\/\/sabato.unicen.edu.ar\/index.php?rest_route=\/wp\/v2\/pages\/638\/revisions"}],"predecessor-version":[{"id":655,"href":"https:\/\/sabato.unicen.edu.ar\/index.php?rest_route=\/wp\/v2\/pages\/638\/revisions\/655"}],"wp:attachment":[{"href":"https:\/\/sabato.unicen.edu.ar\/index.php?rest_route=%2Fwp%2Fv2%2Fmedia&parent=638"}],"curies":[{"name":"wp","href":"https:\/\/api.w.org\/{rel}","templated":true}]}}