{"id":32,"date":"2019-08-04T23:48:03","date_gmt":"2019-08-04T21:48:03","guid":{"rendered":"http:\/\/131.221.0.35\/?page_id=32"},"modified":"2020-04-13T03:16:29","modified_gmt":"2020-04-13T01:16:29","slug":"publicaciones","status":"publish","type":"page","link":"https:\/\/sabato.unicen.edu.ar\/?page_id=32","title":{"rendered":"Publicaciones"},"content":{"rendered":"<div id=\"pl-gb32-69ea75322a595\"  class=\"panel-layout\" ><div id=\"pg-gb32-69ea75322a595-0\"  class=\"panel-grid panel-no-style\"  data-style=\"{&quot;background_image_attachment&quot;:false,&quot;background_display&quot;:&quot;tile&quot;,&quot;full_height&quot;:&quot;&quot;,&quot;cell_alignment&quot;:&quot;flex-start&quot;}\"  data-ratio=\"1\"  data-ratio-direction=\"right\" ><div id=\"pgc-gb32-69ea75322a595-0-0\"  class=\"panel-grid-cell\"  data-weight=\"1\" ><div id=\"panel-gb32-69ea75322a595-0-0-0\" class=\"so-panel widget widget_master-slider-main-widget master-slider-main-widget panel-first-child panel-last-child\" data-index=\"0\" data-style=\"{&quot;background_image_attachment&quot;:false,&quot;background_display&quot;:&quot;tile&quot;}\" >\n\t\t<!-- MasterSlider -->\n\t\t<div id=\"P_MS69ea75322abb3\" class=\"master-slider-parent msl ms-parent-id-1\"  >\n\n\t\t\t\n\t\t\t<!-- MasterSlider Main -->\n\t\t\t<div id=\"MS69ea75322abb3\" class=\"master-slider ms-skin-default\" >\n\t\t\t\t \t\t\t\t \n\t\t\t\t<div  class=\"ms-slide\" data-delay=\"3\" data-fill-mode=\"fill\"  >\n\t\t\t\t\t<img decoding=\"async\" src=\"https:\/\/sabato.unicen.edu.ar\/wp-content\/plugins\/master-slider\/public\/assets\/css\/blank.gif\" alt=\"\" title=\"\" data-src=\"https:\/\/sabato.unicen.edu.ar\/wp-content\/uploads\/2019\/08\/cropped-DSCN6534-1024x635-1000x420.jpg\" \/>\n\n\n\t<div class=\"ms-thumb\" ><div class=\"ms-tab-context\"><div class=&quot;ms-tab-context&quot;><\/div><\/div>\n<\/div>\n\t\t\t\t<\/div>\n\t\t\t\t<div  class=\"ms-slide\" data-delay=\"3\" data-fill-mode=\"fill\"  >\n\t\t\t\t\t<img decoding=\"async\" src=\"https:\/\/sabato.unicen.edu.ar\/wp-content\/plugins\/master-slider\/public\/assets\/css\/blank.gif\" alt=\"\" title=\"\" data-src=\"https:\/\/sabato.unicen.edu.ar\/wp-content\/uploads\/2019\/08\/cropped-DSCN6563-1024x692-1000x420.jpg\" \/>\n\n\n\t<div class=\"ms-thumb\" ><div class=\"ms-tab-context\"><div class=&quot;ms-tab-context&quot;><\/div><\/div>\n<\/div>\n\t\t\t\t<\/div>\n\n\t\t\t<\/div>\n\t\t\t<!-- END MasterSlider Main -->\n\n\t\t\t \n\t\t<\/div>\n\t\t<!-- END MasterSlider -->\n\n\t\t<script>\n\t\t(function ( $ ) {\n\t\t\t\"use strict\";\n\n\t\t\t$(function () {\n\t\t\t\tvar masterslider_abb3 = new MasterSlider();\n\n\t\t\t\t\/\/ slider controls\n\n\t\t\t\t\/\/ slider setup\n\t\t\t\tmasterslider_abb3.setup(\"MS69ea75322abb3\", {\n\t\t\t\t\t\twidth           : 1000,\n\t\t\t\t\t\theight          : 420,\n\t\t\t\t\t\tminHeight       : 450,\n\t\t\t\t\t\tspace           : 0,\n\t\t\t\t\t\tstart           : 1,\n\t\t\t\t\t\tgrabCursor      : true,\n\t\t\t\t\t\tswipe           : true,\n\t\t\t\t\t\tmouse           : true,\n\t\t\t\t\t\tlayout          : \"fullwidth\",\n\t\t\t\t\t\twheel           : false,\n\t\t\t\t\t\tautoplay        : true,\n\t\t\t\t\t\tinstantStartLayers:false,\n\t\t\t\t\t\tloop            : false,\n\t\t\t\t\t\tshuffle         : false,\n\t\t\t\t\t\tpreload         : 0,\n\t\t\t\t\t\theightLimit     : true,\n\t\t\t\t\t\tautoHeight      : false,\n\t\t\t\t\t\tsmoothHeight    : true,\n\t\t\t\t\t\tendPause        : false,\n\t\t\t\t\t\toverPause       : false,\n\t\t\t\t\t\tfillMode        : \"fill\",\n\t\t\t\t\t\tcenterControls  : true,\n\t\t\t\t\t\tstartOnAppear   : false,\n\t\t\t\t\t\tlayersMode      : \"center\",\n\t\t\t\t\t\thideLayers      : false,\n\t\t\t\t\t\tfullscreenMargin: 0,\n\t\t\t\t\t\tspeed           : 20,\n\t\t\t\t\t\tdir             : \"h\",\n\t\t\t\t\t\tparallaxMode    : 'swipe',\n\t\t\t\t\t\tview            : \"basic\"\n\t\t\t\t});\n\n\t\t\t\t\n\t\t\t\twindow.masterslider_instances = window.masterslider_instances || [];\n\t\t\t\twindow.masterslider_instances.push( masterslider_abb3 );\n\t\t\t });\n\n\t\t})(jQuery);\n\t\t<\/script>\n\n<\/div><\/div><\/div><div id=\"pg-gb32-69ea75322a595-1\"  class=\"panel-grid panel-no-style\"  data-style=\"{&quot;background_image_attachment&quot;:false,&quot;background_display&quot;:&quot;tile&quot;,&quot;full_height&quot;:&quot;&quot;,&quot;cell_alignment&quot;:&quot;flex-start&quot;}\" ><div id=\"pgc-gb32-69ea75322a595-1-0\"  class=\"panel-grid-cell\"  data-weight=\"0.70040080160321\" ><div id=\"panel-gb32-69ea75322a595-1-0-0\" class=\"so-panel widget widget_text panel-first-child panel-last-child\" data-index=\"1\" data-style=\"{&quot;background_image_attachment&quot;:false,&quot;background_display&quot;:&quot;tile&quot;}\" >\t\t\t<div class=\"textwidget\"><h2><em>Publicaciones<\/em><\/h2>\n<p>Las publicaciones realizadas por docentes e investigadores siempre se constituyen en material de consulta para ampliar nuestros conocimientos y, sin duda, para mejorar nuestra pr\u00e1ctica.<\/p>\n<p>Por otra parte, es bien sabido que la circulaci\u00f3n de publicaciones impresas es restringida y, en consecuencia, que no siempre se puede acceder a ellas. La digitalizaci\u00f3n de tales producciones sin duda facilita la difusi\u00f3n. Y este es nuestro objetivo al incorporar publicaciones en la p\u00e1gina de la escuela, tanto de los docentes actuales como de los que se desempe\u00f1aron en nuestras aulas, difundir sus aportes para contribuir en la mejora de la calidad educativa.<\/p>\n<p><a href=\"http:\/\/131.221.0.35\/?page_id=375\">Libros<\/a><\/p>\n<p><a href=\"http:\/\/131.221.0.35\/?page_id=387\">Publicaciones en Revista y Cap\u00edtulos de Libro<\/a><\/p>\n<\/div>\n\t\t<\/div><\/div><div id=\"pgc-gb32-69ea75322a595-1-1\"  class=\"panel-grid-cell\"  data-weight=\"0.29959919839679\" ><div id=\"panel-gb32-69ea75322a595-1-1-0\" class=\"so-panel widget widget_lsi_widget panel-first-child\" data-index=\"2\" data-style=\"{&quot;background_image_attachment&quot;:false,&quot;background_display&quot;:&quot;tile&quot;}\" ><h3 class=\"widget-title\">Segu\u00ednos<\/h3><ul class=\"lsi-social-icons icon-set-widget-1-1-0\" style=\"text-align: left\"><li class=\"lsi-social-facebook\"><a class=\"\" rel=\"nofollow\" title=\"Facebook\" aria-label=\"Facebook\" href=\"https:\/\/www.facebook.com\/escuelanacional.ernestosabato\" target=\"_blank\"><i class=\"lsicon lsicon-facebook\"><\/i><\/a><\/li><li class=\"lsi-social-instagram\"><a class=\"\" rel=\"nofollow\" title=\"Instagram\" aria-label=\"Instagram\" href=\"https:\/\/www.instagram.com\/ernestoescsabato\/\" target=\"_blank\"><i class=\"lsicon lsicon-instagram\"><\/i><\/a><\/li><li class=\"lsi-social-twitter\"><a class=\"\" rel=\"nofollow\" title=\"Twitter\" aria-label=\"Twitter\" href=\"https:\/\/twitter.com\/escuela_sabato\" target=\"_blank\"><i class=\"lsicon lsicon-twitter\"><\/i><\/a><\/li><li class=\"lsi-social-youtube\"><a class=\"\" rel=\"nofollow\" title=\"YouTube\" aria-label=\"YouTube\" href=\"https:\/\/www.youtube.com\/channel\/UCpKc9ebFFPjy4Ta9y-xNJDg\" target=\"_blank\"><i class=\"lsicon lsicon-youtube\"><\/i><\/a><\/li><\/ul><\/div><div id=\"panel-gb32-69ea75322a595-1-1-1\" class=\"so-panel widget widget_text\" data-index=\"3\" data-style=\"{&quot;background_image_attachment&quot;:false,&quot;background_display&quot;:&quot;tile&quot;}\" >\t\t\t<div class=\"textwidget\"><p><img loading=\"lazy\" decoding=\"async\" class=\"alignnone size-medium wp-image-1070\" src=\"http:\/\/131.221.0.35\/wp-content\/uploads\/2020\/03\/radio_final-300x159.png\" alt=\"\" width=\"300\" height=\"159\" srcset=\"https:\/\/sabato.unicen.edu.ar\/wp-content\/uploads\/2020\/03\/radio_final-300x159.png 300w, https:\/\/sabato.unicen.edu.ar\/wp-content\/uploads\/2020\/03\/radio_final.png 348w\" sizes=\"(max-width: 300px) 100vw, 300px\" \/><\/p>\n<\/div>\n\t\t<\/div><div id=\"panel-gb32-69ea75322a595-1-1-2\" class=\"so-panel widget widget_text\" data-index=\"4\" data-style=\"{&quot;background_image_attachment&quot;:false,&quot;background_display&quot;:&quot;tile&quot;}\" >\t\t\t<div class=\"textwidget\"><p><a href=\"http:\/\/enes.comunidadeduar.com.ar\/\" target=\"_blank\" rel=\"noopener\"><img loading=\"lazy\" decoding=\"async\" class=\"alignnone size-medium wp-image-1079\" src=\"http:\/\/131.221.0.35\/wp-content\/uploads\/2020\/03\/logo-con-inscripcion_300-300x152.png\" alt=\"\" width=\"300\" height=\"152\" srcset=\"https:\/\/sabato.unicen.edu.ar\/wp-content\/uploads\/2020\/03\/logo-con-inscripcion_300-300x152.png 300w, https:\/\/sabato.unicen.edu.ar\/wp-content\/uploads\/2020\/03\/logo-con-inscripcion_300.png 324w\" sizes=\"(max-width: 300px) 100vw, 300px\" \/><\/a><\/p>\n<\/div>\n\t\t<\/div><div id=\"panel-gb32-69ea75322a595-1-1-3\" class=\"so-panel widget widget_text panel-last-child\" data-index=\"5\" data-style=\"{&quot;background_image_attachment&quot;:false,&quot;background_display&quot;:&quot;tile&quot;}\" >\t\t\t<div class=\"textwidget\"><p><a href=\"http:\/\/131.221.0.35\/wp-content\/uploads\/2020\/03\/CalendarioAcademico2020.pdf\" target=\"_blank\" rel=\"noopener\"><img loading=\"lazy\" decoding=\"async\" class=\"alignnone size-medium wp-image-1091\" src=\"http:\/\/131.221.0.35\/wp-content\/uploads\/2020\/03\/fondo-calendario-300x152.jpg\" alt=\"\" width=\"300\" height=\"152\" \/><\/a><\/p>\n<\/div>\n\t\t<\/div><\/div><\/div><\/div>","protected":false},"excerpt":{"rendered":"<p>Publicaciones Las publicaciones realizadas por docentes e investigadores siempre se constituyen en material de consulta para ampliar nuestros conocimientos y, sin duda, para mejorar nuestra pr\u00e1ctica. Por otra parte, es bien sabido que la circulaci\u00f3n de publicaciones impresas es restringida y, en consecuencia, que no siempre se puede acceder a ellas. La digitalizaci\u00f3n de tales [&hellip;]<\/p>\n","protected":false},"author":1,"featured_media":0,"parent":0,"menu_order":0,"comment_status":"closed","ping_status":"closed","template":"","meta":{"footnotes":""},"_links":{"self":[{"href":"https:\/\/sabato.unicen.edu.ar\/index.php?rest_route=\/wp\/v2\/pages\/32"}],"collection":[{"href":"https:\/\/sabato.unicen.edu.ar\/index.php?rest_route=\/wp\/v2\/pages"}],"about":[{"href":"https:\/\/sabato.unicen.edu.ar\/index.php?rest_route=\/wp\/v2\/types\/page"}],"author":[{"embeddable":true,"href":"https:\/\/sabato.unicen.edu.ar\/index.php?rest_route=\/wp\/v2\/users\/1"}],"replies":[{"embeddable":true,"href":"https:\/\/sabato.unicen.edu.ar\/index.php?rest_route=%2Fwp%2Fv2%2Fcomments&post=32"}],"version-history":[{"count":6,"href":"https:\/\/sabato.unicen.edu.ar\/index.php?rest_route=\/wp\/v2\/pages\/32\/revisions"}],"predecessor-version":[{"id":1223,"href":"https:\/\/sabato.unicen.edu.ar\/index.php?rest_route=\/wp\/v2\/pages\/32\/revisions\/1223"}],"wp:attachment":[{"href":"https:\/\/sabato.unicen.edu.ar\/index.php?rest_route=%2Fwp%2Fv2%2Fmedia&parent=32"}],"curies":[{"name":"wp","href":"https:\/\/api.w.org\/{rel}","templated":true}]}}