{"id":1672,"date":"2023-09-21T00:26:43","date_gmt":"2023-09-20T22:26:43","guid":{"rendered":"http:\/\/unicen.edu.ar\/sabato\/?page_id=1672"},"modified":"2025-06-23T13:28:03","modified_gmt":"2025-06-23T16:28:03","slug":"1672-2","status":"publish","type":"page","link":"https:\/\/sabato.unicen.edu.ar\/","title":{"rendered":"Home"},"content":{"rendered":"<div id=\"pl-1672\"  class=\"panel-layout\" ><div id=\"pg-1672-0\"  class=\"panel-grid panel-no-style\" ><div id=\"pgc-1672-0-0\"  class=\"panel-grid-cell\" ><div id=\"panel-1672-0-0-0\" class=\"so-panel widget widget_master-slider-main-widget master-slider-main-widget panel-first-child panel-last-child\" data-index=\"0\" >\n\t\t<!-- MasterSlider -->\n\t\t<div id=\"P_MS6a061777ea433\" class=\"master-slider-parent msl ms-parent-id-1\"  >\n\n\t\t\t\n\t\t\t<!-- MasterSlider Main -->\n\t\t\t<div id=\"MS6a061777ea433\" class=\"master-slider ms-skin-default\" >\n\t\t\t\t \t\t\t\t \n\t\t\t\t<div  class=\"ms-slide\" data-delay=\"3\" data-fill-mode=\"fill\"  >\n\t\t\t\t\t<img decoding=\"async\" src=\"https:\/\/sabato.unicen.edu.ar\/wp-content\/plugins\/master-slider\/public\/assets\/css\/blank.gif\" alt=\"\" title=\"\" data-src=\"https:\/\/sabato.unicen.edu.ar\/wp-content\/uploads\/2019\/08\/cropped-DSCN6534-1024x635-1000x420.jpg\" \/>\n\n\n\t<div class=\"ms-thumb\" ><div class=\"ms-tab-context\"><div class=&quot;ms-tab-context&quot;><\/div><\/div>\n<\/div>\n\t\t\t\t<\/div>\n\t\t\t\t<div  class=\"ms-slide\" data-delay=\"3\" data-fill-mode=\"fill\"  >\n\t\t\t\t\t<img decoding=\"async\" src=\"https:\/\/sabato.unicen.edu.ar\/wp-content\/plugins\/master-slider\/public\/assets\/css\/blank.gif\" alt=\"\" title=\"\" data-src=\"https:\/\/sabato.unicen.edu.ar\/wp-content\/uploads\/2019\/08\/cropped-DSCN6563-1024x692-1000x420.jpg\" \/>\n\n\n\t<div class=\"ms-thumb\" ><div class=\"ms-tab-context\"><div class=&quot;ms-tab-context&quot;><\/div><\/div>\n<\/div>\n\t\t\t\t<\/div>\n\n\t\t\t<\/div>\n\t\t\t<!-- END MasterSlider Main -->\n\n\t\t\t \n\t\t<\/div>\n\t\t<!-- END MasterSlider -->\n\n\t\t<script>\n\t\t(function ( $ ) {\n\t\t\t\"use strict\";\n\n\t\t\t$(function () {\n\t\t\t\tvar masterslider_a433 = new MasterSlider();\n\n\t\t\t\t\/\/ slider controls\n\n\t\t\t\t\/\/ slider setup\n\t\t\t\tmasterslider_a433.setup(\"MS6a061777ea433\", {\n\t\t\t\t\t\twidth           : 1000,\n\t\t\t\t\t\theight          : 420,\n\t\t\t\t\t\tminHeight       : 450,\n\t\t\t\t\t\tspace           : 0,\n\t\t\t\t\t\tstart           : 1,\n\t\t\t\t\t\tgrabCursor      : true,\n\t\t\t\t\t\tswipe           : true,\n\t\t\t\t\t\tmouse           : true,\n\t\t\t\t\t\tlayout          : \"fullwidth\",\n\t\t\t\t\t\twheel           : false,\n\t\t\t\t\t\tautoplay        : true,\n\t\t\t\t\t\tinstantStartLayers:false,\n\t\t\t\t\t\tloop            : false,\n\t\t\t\t\t\tshuffle         : false,\n\t\t\t\t\t\tpreload         : 0,\n\t\t\t\t\t\theightLimit     : true,\n\t\t\t\t\t\tautoHeight      : false,\n\t\t\t\t\t\tsmoothHeight    : true,\n\t\t\t\t\t\tendPause        : false,\n\t\t\t\t\t\toverPause       : false,\n\t\t\t\t\t\tfillMode        : \"fill\",\n\t\t\t\t\t\tcenterControls  : true,\n\t\t\t\t\t\tstartOnAppear   : false,\n\t\t\t\t\t\tlayersMode      : \"center\",\n\t\t\t\t\t\thideLayers      : false,\n\t\t\t\t\t\tfullscreenMargin: 0,\n\t\t\t\t\t\tspeed           : 20,\n\t\t\t\t\t\tdir             : \"h\",\n\t\t\t\t\t\tparallaxMode    : 'swipe',\n\t\t\t\t\t\tview            : \"basic\"\n\t\t\t\t});\n\n\t\t\t\t\n\t\t\t\twindow.masterslider_instances = window.masterslider_instances || [];\n\t\t\t\twindow.masterslider_instances.push( masterslider_a433 );\n\t\t\t });\n\n\t\t})(jQuery);\n\t\t<\/script>\n\n<\/div><\/div><\/div><div id=\"pg-1672-1\"  class=\"panel-grid panel-no-style\" ><div id=\"pgc-1672-1-0\"  class=\"panel-grid-cell\" ><div id=\"panel-1672-1-0-0\" class=\"so-panel widget widget_widget_tpg_post_grid widget_tpg_post_grid panel-first-child panel-last-child\" data-index=\"1\" ><h3 class=\"widget-title\">Noticias y Novedades<\/h3><div class='container-fluid rt-tpg-container ' id='rt-tpg-container-944980520'><div class='row layout1'><style type='text\/css' media='all'>#rt-tpg-container-944980520 .rt-detail i,#rt-tpg-container-944980520 .rt-detail .post-meta-user a,#rt-tpg-container-944980520 .rt-detail .post-meta-category a{color:#0367bf;}body .rt-tpg-container .rt-tpg-isotope-buttons .selected{background-color:#0367bf;}#rt-tpg-container-944980520 .rt-detail h2.entry-title a{color:#011d7a;}<\/style><div class='rt-col-lg-4 rt-col-md-4 rt-col-sm-6 rt-col-xs-12 rt-equal-height'><div class=\"rt-holder\"><div class=\"rt-img-holder\"><a href='https:\/\/sabato.unicen.edu.ar\/?p=1810'><img class='img-responsive' src='https:\/\/sabato.unicen.edu.ar\/wp-content\/uploads\/2024\/08\/escuela-patio-300x169.jpg' alt='La Escuela Sabato convoca a docentes de Sociales, Comunicaci\u00f3n, F\u00edsica, Tecnolog\u00eda y Qu\u00edmica'><\/a><\/div> <div class=\"rt-detail\"><h4 class=\"entry-title\"><a href=\"https:\/\/sabato.unicen.edu.ar\/?p=1810\">La Escuela Sabato convoca a docentes de Sociales, Comunicaci\u00f3n, F\u00edsica, Tecnolog\u00eda y Qu\u00edmica<\/a><\/h4><div class='post-meta-user'><span class='date'><i class='fa fa-calendar'><\/i>18 febrero, 2026<\/span><\/div><div class='post-content'>La Direcci\u00f3n de la Escuela Nacional Ernesto Sabato convoca a interesados en desempe\u00f1arse como\u00a0Profesor(a) Suplente en el Nivel Secundario\u00a0en los espacios curriculares\u00a0INTRODUCCI\u00d3N AL CONOCIMIENTO DEL \u00c1REA\u00a0de la Orientaci\u00f3n en Cs. Sociales; F\u00cdSICA I de Quinto A\u00f1o y F\u00cdSICA II de Sexto A\u00f1o (Espacio Curricular de Orientaci\u00f3n CS. NATURALES); TECNOLOG\u00cdAS PARA LA REALIZACI\u00d3N DE PRODUCCIONES; QU\u00cdMICA  ...<\/div><\/div><\/div><\/div><div class='rt-col-lg-4 rt-col-md-4 rt-col-sm-6 rt-col-xs-12 rt-equal-height'><div class=\"rt-holder\"><div class=\"rt-img-holder\"><a href='https:\/\/sabato.unicen.edu.ar\/?p=1792'><img class='img-responsive' src='https:\/\/sabato.unicen.edu.ar\/wp-content\/uploads\/2024\/05\/patio-acto-300x222.jpg' alt='Se abre la preinscripci\u00f3n para el ciclo 2026'><\/a><\/div> <div class=\"rt-detail\"><h4 class=\"entry-title\"><a href=\"https:\/\/sabato.unicen.edu.ar\/?p=1792\">Se abre la preinscripci\u00f3n para el ciclo 2026<\/a><\/h4><div class='post-meta-user'><span class='date'><i class='fa fa-calendar'><\/i>23 junio, 2025<\/span><\/div><div class='post-content'>La Escuela Nacional Ernesto Sabato de la Universidad Nacional del Centro de la Provincia de Buenos Aires, informa que se abre la preinscripci\u00f3n para los aspirantes a ingresar a 1o A\u00f1o de la Escuela Secundaria en el Ciclo Lectivo 2026, a partir del 04 de julio a las 8.00h y hasta el 05 de septiembre a las 15.00h. ...<\/div><\/div><\/div><\/div><div class='rt-col-lg-4 rt-col-md-4 rt-col-sm-6 rt-col-xs-12 rt-equal-height'><div class=\"rt-holder\"><div class=\"rt-img-holder\"><a href='https:\/\/sabato.unicen.edu.ar\/?p=1776'><img class='img-responsive' src='https:\/\/sabato.unicen.edu.ar\/wp-content\/uploads\/2024\/08\/escuela-patio-300x169.jpg' alt='La Escuela Sabato convoca a docentes de Ciencias Sociales'><\/a><\/div> <div class=\"rt-detail\"><h4 class=\"entry-title\"><a href=\"https:\/\/sabato.unicen.edu.ar\/?p=1776\">La Escuela Sabato convoca a docentes de Ciencias Sociales<\/a><\/h4><div class='post-meta-user'><span class='date'><i class='fa fa-calendar'><\/i>14 agosto, 2024<\/span><\/div><div class='post-content'>La Direcci\u00f3n de la Escuela Nacional Ernesto Sabato, conforme a la Resoluci\u00f3n de Rectorado N\u00ba 096\/08, convoca a los interesados en desempe\u00f1arse como Profesor\/a Suplente en el Nivel Secundario  ...<\/div><\/div><\/div><\/div><div class='rt-col-lg-4 rt-col-md-4 rt-col-sm-6 rt-col-xs-12 rt-equal-height'><div class=\"rt-holder\"><div class=\"rt-img-holder\"><a href='https:\/\/sabato.unicen.edu.ar\/?p=1772'><img class='img-responsive' src='https:\/\/sabato.unicen.edu.ar\/wp-content\/uploads\/2024\/05\/patio-acto-300x222.jpg' alt='Comienza la preinscripci\u00f3n a 1er a\u00f1o para 2025'><\/a><\/div> <div class=\"rt-detail\"><h4 class=\"entry-title\"><a href=\"https:\/\/sabato.unicen.edu.ar\/?p=1772\">Comienza la preinscripci\u00f3n a 1er a\u00f1o para 2025<\/a><\/h4><div class='post-meta-user'><span class='date'><i class='fa fa-calendar'><\/i>8 julio, 2024<\/span><\/div><div class='post-content'>La Escuela Nacional Ernesto Sabato de la Universidad Nacional del Centro de la Provincia de Buenos Aires, abre la preinscripci\u00f3n para aspirantes a ingresar a 1\u00ba A\u00f1o de la Escuela Secundaria en el Ciclo Lectivo 2025. ...<\/div><\/div><\/div><\/div><div class='rt-col-lg-4 rt-col-md-4 rt-col-sm-6 rt-col-xs-12 rt-equal-height'><div class=\"rt-holder\"><div class=\"rt-img-holder\"><a href='https:\/\/sabato.unicen.edu.ar\/?p=1769'><img class='img-responsive' src='https:\/\/sabato.unicen.edu.ar\/wp-content\/uploads\/2024\/05\/patio-acto-300x222.jpg' alt='La Escuela Sabato convoca a docentes de Fotograf\u00eda'><\/a><\/div> <div class=\"rt-detail\"><h4 class=\"entry-title\"><a href=\"https:\/\/sabato.unicen.edu.ar\/?p=1769\">La Escuela Sabato convoca a docentes de Fotograf\u00eda<\/a><\/h4><div class='post-meta-user'><span class='date'><i class='fa fa-calendar'><\/i>14 junio, 2024<\/span><\/div><div class='post-content'>La Direcci\u00f3n de la Escuela Nacional Ernesto Sabato, conforme a la Resoluci\u00f3n de Rectorado N\u00ba 096\/08, convoca a los interesados en desempe\u00f1arse como\u00a0Profesor\/a Suplente en el Nivel Secundario\u00a0en el espacio curricular de\u00a0FOTOGRAF\u00cdA de Quinto A\u00f1o (Espacio Curricular de Orientaci\u00f3n ARTE) con una carga horaria de\u00a02 horas semanales, los martes de 13.30 a 15.30. Los interesados  ...<\/div><\/div><\/div><\/div><div class='rt-col-lg-4 rt-col-md-4 rt-col-sm-6 rt-col-xs-12 rt-equal-height'><div class=\"rt-holder\"><div class=\"rt-img-holder\"><a href='https:\/\/sabato.unicen.edu.ar\/?p=1757'><img class='img-responsive' src='https:\/\/sabato.unicen.edu.ar\/wp-content\/uploads\/2024\/05\/patio-acto-300x222.jpg' alt='La Escuela Sabato convoca a profesores de Ingl\u00e9s'><\/a><\/div> <div class=\"rt-detail\"><h4 class=\"entry-title\"><a href=\"https:\/\/sabato.unicen.edu.ar\/?p=1757\">La Escuela Sabato convoca a profesores de Ingl\u00e9s<\/a><\/h4><div class='post-meta-user'><span class='date'><i class='fa fa-calendar'><\/i>24 mayo, 2024<\/span><\/div><div class='post-content'>La Direcci\u00f3n de la Escuela Nacional Ernesto Sabato, convoca a interesados en desempe\u00f1arse como Profesor\/a Suplente en el Nivel Secundario en los siguientes espacios curriculares de Ingl\u00e9s: en el Ciclo Superior, con una carga horaria de 5 horas semanales, de lunes a viernes de 7,30 a 8,30 y en el Ciclo B\u00e1sico con una carga  ...<\/div><\/div><\/div><\/div><\/div><div class=\"rt-pagination\"><ul class=\"pagination\"><li class='active'><span>1<\/span><\/li><li><a href='https:\/\/sabato.unicen.edu.ar\/index.php?rest_route=%2Fwp%2Fv2%2Fpages%2F1672&#038;paged=2'>2<\/a><\/li><li><a href='https:\/\/sabato.unicen.edu.ar\/index.php?rest_route=%2Fwp%2Fv2%2Fpages%2F1672&#038;paged=3'>3<\/a><\/li><li><a href='https:\/\/sabato.unicen.edu.ar\/index.php?rest_route=%2Fwp%2Fv2%2Fpages%2F1672&#038;paged=4'>4<\/a><\/li><li><a href='https:\/\/sabato.unicen.edu.ar\/index.php?rest_route=%2Fwp%2Fv2%2Fpages%2F1672&#038;paged=5'>5<\/a><\/li><li><a href='https:\/\/sabato.unicen.edu.ar\/index.php?rest_route=%2Fwp%2Fv2%2Fpages%2F1672&#038;paged=6'>6<\/a><\/li><li><a href='https:\/\/sabato.unicen.edu.ar\/index.php?rest_route=%2Fwp%2Fv2%2Fpages%2F1672&#038;paged=7'>7<\/a><\/li><li><a href='https:\/\/sabato.unicen.edu.ar\/index.php?rest_route=%2Fwp%2Fv2%2Fpages%2F1672&#038;paged=8'>8<\/a><\/li><\/ul><\/div><\/div><\/div><\/div><div id=\"pgc-1672-1-1\"  class=\"panel-grid-cell\" ><div id=\"panel-1672-1-1-0\" class=\"so-panel widget widget_lsi_widget panel-first-child\" data-index=\"2\" ><h3 class=\"widget-title\">Seguinos<\/h3><ul class=\"lsi-social-icons icon-set-widget-1-1-0\" style=\"text-align: left\"><li class=\"lsi-social-facebook\"><a class=\"\" rel=\"nofollow\" title=\"Facebook\" aria-label=\"Facebook\" href=\"https:\/\/www.facebook.com\/escuelanacional.ernestosabato\" target=\"_blank\"><i class=\"lsicon lsicon-facebook\"><\/i><\/a><\/li><li class=\"lsi-social-instagram\"><a class=\"\" rel=\"nofollow\" title=\"Instagram\" aria-label=\"Instagram\" href=\"http:\/\/instagram.com\/ernestoescsabato\/\" target=\"_blank\"><i class=\"lsicon lsicon-instagram\"><\/i><\/a><\/li><li class=\"lsi-social-twitter\"><a class=\"\" rel=\"nofollow\" title=\"Twitter\" aria-label=\"Twitter\" href=\"https:\/\/twitter.com\/escuela_sabato\" target=\"_blank\"><i class=\"lsicon lsicon-twitter\"><\/i><\/a><\/li><li class=\"lsi-social-youtube\"><a class=\"\" rel=\"nofollow\" title=\"YouTube\" aria-label=\"YouTube\" href=\"https:\/\/www.youtube.com\/channel\/UCpKc9ebFFPjy4Ta9y-xNJDg\" target=\"_blank\"><i class=\"lsicon lsicon-youtube\"><\/i><\/a><\/li><\/ul><\/div><div id=\"panel-1672-1-1-1\" class=\"so-panel widget widget_text\" data-index=\"3\" >\t\t\t<div class=\"textwidget\"><p><a href=\"https:\/\/sabato.unicen.edu.ar\/wp-content\/uploads\/2025\/06\/GACETILLA-DIFUSION-Preinscripcion-Ingresantes-2026.docx.pdf\"><img loading=\"lazy\" decoding=\"async\" class=\"alignnone wp-image-1702 size-full\" src=\"https:\/\/sabato.unicen.edu.ar\/wp-content\/uploads\/2024\/03\/imagen_preinscripcion.jpg\" alt=\"\" width=\"300\" height=\"160\" \/><\/a><\/p>\n<\/div>\n\t\t<\/div><div id=\"panel-1672-1-1-2\" class=\"so-panel widget widget_text\" data-index=\"4\" >\t\t\t<div class=\"textwidget\"><p><a href=\"https:\/\/sites.google.com\/sabato.unicen.edu.ar\/radiosabato\/p%C3%A1gina-principal\"><img loading=\"lazy\" decoding=\"async\" class=\"alignnone wp-image-1070 size-medium\" src=\"http:\/\/131.221.0.35\/wp-content\/uploads\/2020\/03\/radio_final-300x159.png\" alt=\"\" width=\"300\" height=\"159\" srcset=\"https:\/\/sabato.unicen.edu.ar\/wp-content\/uploads\/2020\/03\/radio_final-300x159.png 300w, https:\/\/sabato.unicen.edu.ar\/wp-content\/uploads\/2020\/03\/radio_final.png 348w\" sizes=\"(max-width: 300px) 100vw, 300px\" \/><\/a><\/p>\n<\/div>\n\t\t<\/div><div id=\"panel-1672-1-1-3\" class=\"so-panel widget widget_text\" data-index=\"5\" >\t\t\t<div class=\"textwidget\"><p><img loading=\"lazy\" decoding=\"async\" class=\"alignnone wp-image-1704 size-full\" src=\"https:\/\/sabato.unicen.edu.ar\/wp-content\/uploads\/2024\/03\/calendario_academico.jpg\" alt=\"\" width=\"300\" height=\"160\" \/><\/p>\n<\/div>\n\t\t<\/div><div id=\"panel-1672-1-1-4\" class=\"so-panel widget widget_text panel-last-child\" data-index=\"6\" >\t\t\t<div class=\"textwidget\"><p><a href=\"https:\/\/enes.comunidadeduar.com.ar\/\"><img loading=\"lazy\" decoding=\"async\" class=\"alignnone wp-image-1706 size-full\" src=\"https:\/\/sabato.unicen.edu.ar\/wp-content\/uploads\/2024\/03\/siyci.png\" alt=\"\" width=\"300\" height=\"160\" \/><\/a><\/p>\n<\/div>\n\t\t<\/div><\/div><\/div><\/div>","protected":false},"excerpt":{"rendered":"<p>La Direcci\u00f3n de la Escuela Nacional Ernesto Sabato, convoca a interesados en desempe\u00f1arse como Profesor\/a Suplente en el Nivel Secundario en los siguientes espacios curriculares de Ingl\u00e9s: en el Ciclo Superior, con una carga horaria de 5 horas semanales, de lunes a viernes de 7,30 a 8,30 y en el Ciclo B\u00e1sico con una carga [&hellip;]<\/p>\n","protected":false},"author":1,"featured_media":0,"parent":0,"menu_order":0,"comment_status":"closed","ping_status":"closed","template":"","meta":{"footnotes":""},"_links":{"self":[{"href":"https:\/\/sabato.unicen.edu.ar\/index.php?rest_route=\/wp\/v2\/pages\/1672"}],"collection":[{"href":"https:\/\/sabato.unicen.edu.ar\/index.php?rest_route=\/wp\/v2\/pages"}],"about":[{"href":"https:\/\/sabato.unicen.edu.ar\/index.php?rest_route=\/wp\/v2\/types\/page"}],"author":[{"embeddable":true,"href":"https:\/\/sabato.unicen.edu.ar\/index.php?rest_route=\/wp\/v2\/users\/1"}],"replies":[{"embeddable":true,"href":"https:\/\/sabato.unicen.edu.ar\/index.php?rest_route=%2Fwp%2Fv2%2Fcomments&post=1672"}],"version-history":[{"count":12,"href":"https:\/\/sabato.unicen.edu.ar\/index.php?rest_route=\/wp\/v2\/pages\/1672\/revisions"}],"predecessor-version":[{"id":1796,"href":"https:\/\/sabato.unicen.edu.ar\/index.php?rest_route=\/wp\/v2\/pages\/1672\/revisions\/1796"}],"wp:attachment":[{"href":"https:\/\/sabato.unicen.edu.ar\/index.php?rest_route=%2Fwp%2Fv2%2Fmedia&parent=1672"}],"curies":[{"name":"wp","href":"https:\/\/api.w.org\/{rel}","templated":true}]}}