{"id":1587,"date":"2022-12-19T19:01:01","date_gmt":"2022-12-19T18:01:01","guid":{"rendered":"http:\/\/unicen.edu.ar\/sabato\/?page_id=1587"},"modified":"2024-05-24T11:48:50","modified_gmt":"2024-05-24T14:48:50","slug":"normativa","status":"publish","type":"page","link":"https:\/\/sabato.unicen.edu.ar\/?page_id=1587","title":{"rendered":"Normativa"},"content":{"rendered":"<div id=\"pl-1587\"  class=\"panel-layout\" ><div id=\"pg-1587-0\"  class=\"panel-grid panel-no-style\" ><div id=\"pgc-1587-0-0\"  class=\"panel-grid-cell\" ><div id=\"panel-1587-0-0-0\" class=\"so-panel widget widget_master-slider-main-widget master-slider-main-widget panel-first-child panel-last-child\" data-index=\"0\" >\n\t\t<!-- MasterSlider -->\n\t\t<div id=\"P_MS69e3024b7971a\" class=\"master-slider-parent msl ms-parent-id-1\"  >\n\n\t\t\t\n\t\t\t<!-- MasterSlider Main -->\n\t\t\t<div id=\"MS69e3024b7971a\" class=\"master-slider ms-skin-default\" >\n\t\t\t\t \t\t\t\t \n\t\t\t\t<div  class=\"ms-slide\" data-delay=\"3\" data-fill-mode=\"fill\"  >\n\t\t\t\t\t<img decoding=\"async\" src=\"https:\/\/sabato.unicen.edu.ar\/wp-content\/plugins\/master-slider\/public\/assets\/css\/blank.gif\" alt=\"\" title=\"\" data-src=\"https:\/\/sabato.unicen.edu.ar\/wp-content\/uploads\/2019\/08\/cropped-DSCN6534-1024x635-1000x420.jpg\" \/>\n\n\n\t<div class=\"ms-thumb\" ><div class=\"ms-tab-context\"><div class=&quot;ms-tab-context&quot;><\/div><\/div>\n<\/div>\n\t\t\t\t<\/div>\n\t\t\t\t<div  class=\"ms-slide\" data-delay=\"3\" data-fill-mode=\"fill\"  >\n\t\t\t\t\t<img decoding=\"async\" src=\"https:\/\/sabato.unicen.edu.ar\/wp-content\/plugins\/master-slider\/public\/assets\/css\/blank.gif\" alt=\"\" title=\"\" data-src=\"https:\/\/sabato.unicen.edu.ar\/wp-content\/uploads\/2019\/08\/cropped-DSCN6563-1024x692-1000x420.jpg\" \/>\n\n\n\t<div class=\"ms-thumb\" ><div class=\"ms-tab-context\"><div class=&quot;ms-tab-context&quot;><\/div><\/div>\n<\/div>\n\t\t\t\t<\/div>\n\n\t\t\t<\/div>\n\t\t\t<!-- END MasterSlider Main -->\n\n\t\t\t \n\t\t<\/div>\n\t\t<!-- END MasterSlider -->\n\n\t\t<script>\n\t\t(function ( $ ) {\n\t\t\t\"use strict\";\n\n\t\t\t$(function () {\n\t\t\t\tvar masterslider_971a = new MasterSlider();\n\n\t\t\t\t\/\/ slider controls\n\n\t\t\t\t\/\/ slider setup\n\t\t\t\tmasterslider_971a.setup(\"MS69e3024b7971a\", {\n\t\t\t\t\t\twidth           : 1000,\n\t\t\t\t\t\theight          : 420,\n\t\t\t\t\t\tminHeight       : 450,\n\t\t\t\t\t\tspace           : 0,\n\t\t\t\t\t\tstart           : 1,\n\t\t\t\t\t\tgrabCursor      : true,\n\t\t\t\t\t\tswipe           : true,\n\t\t\t\t\t\tmouse           : true,\n\t\t\t\t\t\tlayout          : \"fullwidth\",\n\t\t\t\t\t\twheel           : false,\n\t\t\t\t\t\tautoplay        : true,\n\t\t\t\t\t\tinstantStartLayers:false,\n\t\t\t\t\t\tloop            : false,\n\t\t\t\t\t\tshuffle         : false,\n\t\t\t\t\t\tpreload         : 0,\n\t\t\t\t\t\theightLimit     : true,\n\t\t\t\t\t\tautoHeight      : false,\n\t\t\t\t\t\tsmoothHeight    : true,\n\t\t\t\t\t\tendPause        : false,\n\t\t\t\t\t\toverPause       : false,\n\t\t\t\t\t\tfillMode        : \"fill\",\n\t\t\t\t\t\tcenterControls  : true,\n\t\t\t\t\t\tstartOnAppear   : false,\n\t\t\t\t\t\tlayersMode      : \"center\",\n\t\t\t\t\t\thideLayers      : false,\n\t\t\t\t\t\tfullscreenMargin: 0,\n\t\t\t\t\t\tspeed           : 20,\n\t\t\t\t\t\tdir             : \"h\",\n\t\t\t\t\t\tparallaxMode    : 'swipe',\n\t\t\t\t\t\tview            : \"basic\"\n\t\t\t\t});\n\n\t\t\t\t\n\t\t\t\twindow.masterslider_instances = window.masterslider_instances || [];\n\t\t\t\twindow.masterslider_instances.push( masterslider_971a );\n\t\t\t });\n\n\t\t})(jQuery);\n\t\t<\/script>\n\n<\/div><\/div><\/div><div id=\"pg-1587-1\"  class=\"panel-grid panel-no-style\" ><div id=\"pgc-1587-1-0\"  class=\"panel-grid-cell\" ><div id=\"panel-1587-1-0-0\" class=\"so-panel widget widget_text panel-first-child panel-last-child\" data-index=\"1\" >\t\t\t<div class=\"textwidget\"><h2><em>Normativas<\/em><\/h2>\n<p><a href=\"https:\/\/sabato.unicen.edu.ar\/wp-content\/uploads\/2024\/03\/convivencia.pdf\" target=\"_blank\" rel=\"noopener\">Convivencia<\/a><a href=\"https:\/\/sabato.unicen.edu.ar\/wp-content\/uploads\/2024\/03\/convivencia.pdf\"><img loading=\"lazy\" decoding=\"async\" class=\"alignleft wp-image-476\" src=\"https:\/\/sabato.unicen.edu.ar\/wp-content\/uploads\/2024\/03\/icono_para_normativas.jpg\" alt=\"\" width=\"27\" height=\"27\" \/><\/a><\/p>\n<p><a href=\"https:\/\/sabato.unicen.edu.ar\/wp-content\/uploads\/2024\/03\/dificil-cobertura.pdf\" target=\"_blank\" rel=\"noopener\">Dificil Cobertura<\/a><a href=\"https:\/\/sabato.unicen.edu.ar\/wp-content\/uploads\/2024\/03\/dificil-cobertura.pdf\"><img loading=\"lazy\" decoding=\"async\" class=\"alignleft wp-image-476\" src=\"https:\/\/sabato.unicen.edu.ar\/wp-content\/uploads\/2024\/03\/icono_para_normativas.jpg\" alt=\"\" width=\"27\" height=\"27\" \/><\/a><\/p>\n<p><a href=\"https:\/\/sabato.unicen.edu.ar\/wp-content\/uploads\/2024\/03\/regimen_de_evaluacion.pdf\" target=\"_blank\" rel=\"noopener\">Regimen de Evaluaci\u00f3n<\/a><a href=\"https:\/\/sabato.unicen.edu.ar\/wp-content\/uploads\/2024\/03\/regimen_de_evaluacion.pdf\"><img loading=\"lazy\" decoding=\"async\" class=\"alignleft wp-image-476\" src=\"https:\/\/sabato.unicen.edu.ar\/wp-content\/uploads\/2024\/03\/icono_para_normativas.jpg\" alt=\"\" width=\"27\" height=\"27\" \/><\/a><\/p>\n<p><a href=\"https:\/\/sabato.unicen.edu.ar\/wp-content\/uploads\/2024\/03\/seleccion_docentes-taller.pdf\" target=\"_blank\" rel=\"noopener\">Reglamento de Concurso\u00a0 de Profesores para Orientaciones<\/a><a href=\"https:\/\/sabato.unicen.edu.ar\/wp-content\/uploads\/2024\/03\/seleccion_docentes-taller.pdf\"><img loading=\"lazy\" decoding=\"async\" class=\"alignleft wp-image-476\" src=\"https:\/\/sabato.unicen.edu.ar\/wp-content\/uploads\/2024\/03\/icono_para_normativas.jpg\" alt=\"\" width=\"27\" height=\"27\" \/><\/a><\/p>\n<p><a href=\"https:\/\/sabato.unicen.edu.ar\/wp-content\/uploads\/2024\/03\/puntajes_para_seleccion_docente.pdf\" target=\"_blank\" rel=\"noopener\">Puntaje para selecci\u00f3n Docente<\/a><a href=\"https:\/\/sabato.unicen.edu.ar\/wp-content\/uploads\/2024\/03\/puntajes_para_seleccion_docente.pdf\"><img loading=\"lazy\" decoding=\"async\" class=\"alignleft wp-image-476\" src=\"https:\/\/sabato.unicen.edu.ar\/wp-content\/uploads\/2024\/03\/icono_para_normativas.jpg\" alt=\"\" width=\"27\" height=\"27\" \/><\/a><\/p>\n<p><a href=\"https:\/\/sabato.unicen.edu.ar\/wp-content\/uploads\/2024\/03\/regimen_de_equivalencias.pdf\" target=\"_blank\" rel=\"noopener\">Regimen de Equivalencias<\/a><a href=\"https:\/\/sabato.unicen.edu.ar\/wp-content\/uploads\/2024\/03\/regimen_de_equivalencias.pdf\"><img loading=\"lazy\" decoding=\"async\" class=\"alignleft wp-image-476\" src=\"https:\/\/sabato.unicen.edu.ar\/wp-content\/uploads\/2024\/03\/icono_para_normativas.jpg\" alt=\"\" width=\"27\" height=\"27\" \/><\/a><\/p>\n<p><a href=\"https:\/\/sabato.unicen.edu.ar\/wp-content\/uploads\/2024\/03\/justificacion_nombre_enes.pdf\" target=\"_blank\" rel=\"noopener\">Justificaci\u00f3n Nombre Escuela<\/a><a href=\"https:\/\/sabato.unicen.edu.ar\/wp-content\/uploads\/2024\/03\/justificacion_nombre_enes.pdf\"><img loading=\"lazy\" decoding=\"async\" class=\"alignleft wp-image-476\" src=\"https:\/\/sabato.unicen.edu.ar\/wp-content\/uploads\/2024\/03\/icono_para_normativas.jpg\" alt=\"\" width=\"27\" height=\"27\" \/><\/a><\/p>\n<p><a href=\"https:\/\/sabato.unicen.edu.ar\/wp-content\/uploads\/2024\/03\/selecc-docente_tronco_comun.pdf\" target=\"_blank\" rel=\"noopener\">Reglamento de Concurso de Profesores para Tronco Com\u00fan<\/a><a href=\"https:\/\/sabato.unicen.edu.ar\/wp-content\/uploads\/2024\/03\/selecc-docente_tronco_comun.pdf\"><img loading=\"lazy\" decoding=\"async\" class=\"alignleft wp-image-476\" src=\"https:\/\/sabato.unicen.edu.ar\/wp-content\/uploads\/2024\/03\/icono_para_normativas.jpg\" alt=\"\" width=\"27\" height=\"27\" \/><\/a><\/p>\n<p><a href=\"https:\/\/sabato.unicen.edu.ar\/wp-content\/uploads\/2024\/03\/normativa_jefes.pdf\" target=\"_blank\" rel=\"noopener\">Reglamento para la selecci\u00f3n de Jefes de Departamento<\/a><a href=\"https:\/\/sabato.unicen.edu.ar\/wp-content\/uploads\/2024\/03\/normativa_jefes.pdf\"><img loading=\"lazy\" decoding=\"async\" class=\"alignleft wp-image-476\" src=\"https:\/\/sabato.unicen.edu.ar\/wp-content\/uploads\/2024\/03\/icono_para_normativas.jpg\" alt=\"\" width=\"27\" height=\"27\" \/><\/a><\/p>\n<p><a href=\"https:\/\/sabato.unicen.edu.ar\/wp-content\/uploads\/2024\/03\/uniforme.pdf\" target=\"_blank\" rel=\"noopener\">Uniforme<\/a><a href=\"https:\/\/sabato.unicen.edu.ar\/wp-content\/uploads\/2024\/03\/uniforme.pdf\"><img loading=\"lazy\" decoding=\"async\" class=\"alignleft wp-image-476\" src=\"https:\/\/sabato.unicen.edu.ar\/wp-content\/uploads\/2024\/03\/icono_para_normativas.jpg\" alt=\"\" width=\"27\" height=\"27\" \/><\/a><\/p>\n<p><a href=\"https:\/\/sabato.unicen.edu.ar\/wp-content\/uploads\/2024\/03\/Res_-4984_2013_Reglamento-preceptores.pdf\" target=\"_blank\" rel=\"noopener\">Reglamento para Concurso de Preceptores<\/a><a href=\"https:\/\/sabato.unicen.edu.ar\/wp-content\/uploads\/2024\/03\/Res_-4984_2013_Reglamento-preceptores.pdf\"><img loading=\"lazy\" decoding=\"async\" class=\"alignleft wp-image-476\" src=\"https:\/\/sabato.unicen.edu.ar\/wp-content\/uploads\/2024\/03\/icono_para_normativas.jpg\" alt=\"\" width=\"27\" height=\"27\" \/><\/a><\/p>\n<p><a href=\"https:\/\/sabato.unicen.edu.ar\/wp-content\/uploads\/2024\/03\/reglamento_concurso_equipos__tecnicos.pdf\" target=\"_blank\" rel=\"noopener\">Reglamento para Concurso de Equipos T\u00e9cnicos<\/a><a href=\"https:\/\/sabato.unicen.edu.ar\/wp-content\/uploads\/2024\/03\/reglamento_concurso_equipos__tecnicos.pdf\"><img loading=\"lazy\" decoding=\"async\" class=\"alignleft wp-image-476\" src=\"https:\/\/sabato.unicen.edu.ar\/wp-content\/uploads\/2024\/03\/icono_para_normativas.jpg\" alt=\"\" width=\"27\" height=\"27\" \/><\/a><\/p>\n<p><a href=\"https:\/\/sabato.unicen.edu.ar\/wp-content\/uploads\/2024\/03\/reglamento__de_evaluacion_del_area_ingles_0.pdf\" target=\"_blank\" rel=\"noopener\">Reglamento para Rendir Ex\u00e1menes de Ingl\u00e9s<\/a><a href=\"https:\/\/sabato.unicen.edu.ar\/wp-content\/uploads\/2024\/03\/reglamento__de_evaluacion_del_area_ingles_0.pdf\"><img loading=\"lazy\" decoding=\"async\" class=\"alignleft wp-image-476\" src=\"https:\/\/sabato.unicen.edu.ar\/wp-content\/uploads\/2024\/03\/icono_para_normativas.jpg\" alt=\"\" width=\"27\" height=\"27\" \/><\/a><\/p>\n<p><a href=\"https:\/\/sabato.unicen.edu.ar\/wp-content\/uploads\/2024\/05\/Proyecto-actos-escolares.pdf\" target=\"_blank\" rel=\"noopener\">Actos Escolares<\/a><a href=\"https:\/\/sabato.unicen.edu.ar\/wp-content\/uploads\/2024\/03\/actos_escolares.pdf\"><img loading=\"lazy\" decoding=\"async\" class=\"alignleft wp-image-476\" src=\"https:\/\/sabato.unicen.edu.ar\/wp-content\/uploads\/2024\/03\/icono_para_normativas.jpg\" alt=\"\" width=\"27\" height=\"27\" \/><\/a><\/p>\n<\/div>\n\t\t<\/div><\/div><div id=\"pgc-1587-1-1\"  class=\"panel-grid-cell\" >\n\t\t<div id=\"panel-1587-1-1-0\" class=\"so-panel widget widget_recent-posts widget_recent_entries panel-first-child\" data-index=\"2\" >\n\t\t<h3 class=\"widget-title\">Entradas recientes<\/h3>\n\t\t<ul>\n\t\t\t\t\t\t\t\t\t\t\t<li>\n\t\t\t\t\t<a href=\"https:\/\/sabato.unicen.edu.ar\/?p=1810\">La Escuela Sabato convoca a docentes de Sociales, Comunicaci\u00f3n, F\u00edsica, Tecnolog\u00eda y Qu\u00edmica<\/a>\n\t\t\t\t\t\t\t\t\t<\/li>\n\t\t\t\t\t\t\t\t\t\t\t<li>\n\t\t\t\t\t<a href=\"https:\/\/sabato.unicen.edu.ar\/?p=1792\">Se abre la preinscripci\u00f3n para el ciclo 2026<\/a>\n\t\t\t\t\t\t\t\t\t<\/li>\n\t\t\t\t\t\t\t\t\t\t\t<li>\n\t\t\t\t\t<a href=\"https:\/\/sabato.unicen.edu.ar\/?p=1776\">La Escuela Sabato convoca a docentes de Ciencias Sociales<\/a>\n\t\t\t\t\t\t\t\t\t<\/li>\n\t\t\t\t\t\t\t\t\t\t\t<li>\n\t\t\t\t\t<a href=\"https:\/\/sabato.unicen.edu.ar\/?p=1772\">Comienza la preinscripci\u00f3n a 1er a\u00f1o para 2025<\/a>\n\t\t\t\t\t\t\t\t\t<\/li>\n\t\t\t\t\t\t\t\t\t\t\t<li>\n\t\t\t\t\t<a href=\"https:\/\/sabato.unicen.edu.ar\/?p=1769\">La Escuela Sabato convoca a docentes de Fotograf\u00eda<\/a>\n\t\t\t\t\t\t\t\t\t<\/li>\n\t\t\t\t\t<\/ul>\n\n\t\t<\/div><div id=\"panel-1587-1-1-1\" class=\"so-panel widget widget_lsi_widget panel-last-child\" data-index=\"3\" ><h3 class=\"widget-title\">Seguinos<\/h3><ul class=\"lsi-social-icons icon-set-widget-1-1-1\" style=\"text-align: left\"><li class=\"lsi-social-facebook\"><a class=\"\" rel=\"nofollow\" title=\"Facebook\" aria-label=\"Facebook\" href=\"https:\/\/www.facebook.com\/escuelanacional.ernestosabato\" ><i class=\"lsicon lsicon-facebook\"><\/i><\/a><\/li><li class=\"lsi-social-instagram\"><a class=\"\" rel=\"nofollow\" title=\"Instagram\" aria-label=\"Instagram\" href=\"https:\/\/www.instagram.com\/ernestoescsabato\/\" ><i class=\"lsicon lsicon-instagram\"><\/i><\/a><\/li><li class=\"lsi-social-twitter\"><a class=\"\" rel=\"nofollow\" title=\"Twitter\" aria-label=\"Twitter\" href=\"https:\/\/twitter.com\/escuela_sabato\" ><i class=\"lsicon lsicon-twitter\"><\/i><\/a><\/li><li class=\"lsi-social-youtube\"><a class=\"\" rel=\"nofollow\" title=\"YouTube\" aria-label=\"YouTube\" href=\"https:\/\/www.youtube.com\/channel\/UCpKc9ebFFPjy4Ta9y-xNJDg\" ><i class=\"lsicon lsicon-youtube\"><\/i><\/a><\/li><\/ul><\/div><\/div><\/div><\/div>","protected":false},"excerpt":{"rendered":"<p>Normativas Convivencia Dificil Cobertura Regimen de Evaluaci\u00f3n Reglamento de Concurso\u00a0 de Profesores para Orientaciones Puntaje para selecci\u00f3n Docente Regimen de Equivalencias Justificaci\u00f3n Nombre Escuela Reglamento de Concurso de Profesores para Tronco Com\u00fan Reglamento para la selecci\u00f3n de Jefes de Departamento Uniforme Reglamento para Concurso de Preceptores Reglamento para Concurso de Equipos T\u00e9cnicos Reglamento para Rendir [&hellip;]<\/p>\n","protected":false},"author":1,"featured_media":0,"parent":0,"menu_order":0,"comment_status":"closed","ping_status":"closed","template":"","meta":{"footnotes":""},"_links":{"self":[{"href":"https:\/\/sabato.unicen.edu.ar\/index.php?rest_route=\/wp\/v2\/pages\/1587"}],"collection":[{"href":"https:\/\/sabato.unicen.edu.ar\/index.php?rest_route=\/wp\/v2\/pages"}],"about":[{"href":"https:\/\/sabato.unicen.edu.ar\/index.php?rest_route=\/wp\/v2\/types\/page"}],"author":[{"embeddable":true,"href":"https:\/\/sabato.unicen.edu.ar\/index.php?rest_route=\/wp\/v2\/users\/1"}],"replies":[{"embeddable":true,"href":"https:\/\/sabato.unicen.edu.ar\/index.php?rest_route=%2Fwp%2Fv2%2Fcomments&post=1587"}],"version-history":[{"count":11,"href":"https:\/\/sabato.unicen.edu.ar\/index.php?rest_route=\/wp\/v2\/pages\/1587\/revisions"}],"predecessor-version":[{"id":1759,"href":"https:\/\/sabato.unicen.edu.ar\/index.php?rest_route=\/wp\/v2\/pages\/1587\/revisions\/1759"}],"wp:attachment":[{"href":"https:\/\/sabato.unicen.edu.ar\/index.php?rest_route=%2Fwp%2Fv2%2Fmedia&parent=1587"}],"curies":[{"name":"wp","href":"https:\/\/api.w.org\/{rel}","templated":true}]}}