{"id":1553,"date":"2022-04-26T19:20:35","date_gmt":"2022-04-26T17:20:35","guid":{"rendered":"http:\/\/unicen.edu.ar\/sabato\/?page_id=1553"},"modified":"2024-05-27T15:13:31","modified_gmt":"2024-05-27T18:13:31","slug":"autoridades-nueva","status":"publish","type":"page","link":"https:\/\/sabato.unicen.edu.ar\/?page_id=1553","title":{"rendered":"Autoridades"},"content":{"rendered":"<div id=\"pl-1553\"  class=\"panel-layout\" ><div id=\"pg-1553-0\"  class=\"panel-grid panel-no-style\" ><div id=\"pgc-1553-0-0\"  class=\"panel-grid-cell\" ><div id=\"panel-1553-0-0-0\" class=\"so-panel widget widget_master-slider-main-widget master-slider-main-widget panel-first-child panel-last-child\" data-index=\"0\" >\n\t\t<!-- MasterSlider -->\n\t\t<div id=\"P_MS69e3024b05f13\" class=\"master-slider-parent msl ms-parent-id-1\"  >\n\n\t\t\t\n\t\t\t<!-- MasterSlider Main -->\n\t\t\t<div id=\"MS69e3024b05f13\" class=\"master-slider ms-skin-default\" >\n\t\t\t\t \t\t\t\t \n\t\t\t\t<div  class=\"ms-slide\" data-delay=\"3\" data-fill-mode=\"fill\"  >\n\t\t\t\t\t<img decoding=\"async\" src=\"https:\/\/sabato.unicen.edu.ar\/wp-content\/plugins\/master-slider\/public\/assets\/css\/blank.gif\" alt=\"\" title=\"\" data-src=\"https:\/\/sabato.unicen.edu.ar\/wp-content\/uploads\/2019\/08\/cropped-DSCN6534-1024x635-1000x420.jpg\" \/>\n\n\n\t<div class=\"ms-thumb\" ><div class=\"ms-tab-context\"><div class=&quot;ms-tab-context&quot;><\/div><\/div>\n<\/div>\n\t\t\t\t<\/div>\n\t\t\t\t<div  class=\"ms-slide\" data-delay=\"3\" data-fill-mode=\"fill\"  >\n\t\t\t\t\t<img decoding=\"async\" src=\"https:\/\/sabato.unicen.edu.ar\/wp-content\/plugins\/master-slider\/public\/assets\/css\/blank.gif\" alt=\"\" title=\"\" data-src=\"https:\/\/sabato.unicen.edu.ar\/wp-content\/uploads\/2019\/08\/cropped-DSCN6563-1024x692-1000x420.jpg\" \/>\n\n\n\t<div class=\"ms-thumb\" ><div class=\"ms-tab-context\"><div class=&quot;ms-tab-context&quot;><\/div><\/div>\n<\/div>\n\t\t\t\t<\/div>\n\n\t\t\t<\/div>\n\t\t\t<!-- END MasterSlider Main -->\n\n\t\t\t \n\t\t<\/div>\n\t\t<!-- END MasterSlider -->\n\n\t\t<script>\n\t\t(function ( $ ) {\n\t\t\t\"use strict\";\n\n\t\t\t$(function () {\n\t\t\t\tvar masterslider_5f13 = new MasterSlider();\n\n\t\t\t\t\/\/ slider controls\n\n\t\t\t\t\/\/ slider setup\n\t\t\t\tmasterslider_5f13.setup(\"MS69e3024b05f13\", {\n\t\t\t\t\t\twidth           : 1000,\n\t\t\t\t\t\theight          : 420,\n\t\t\t\t\t\tminHeight       : 450,\n\t\t\t\t\t\tspace           : 0,\n\t\t\t\t\t\tstart           : 1,\n\t\t\t\t\t\tgrabCursor      : true,\n\t\t\t\t\t\tswipe           : true,\n\t\t\t\t\t\tmouse           : true,\n\t\t\t\t\t\tlayout          : \"fullwidth\",\n\t\t\t\t\t\twheel           : false,\n\t\t\t\t\t\tautoplay        : true,\n\t\t\t\t\t\tinstantStartLayers:false,\n\t\t\t\t\t\tloop            : false,\n\t\t\t\t\t\tshuffle         : false,\n\t\t\t\t\t\tpreload         : 0,\n\t\t\t\t\t\theightLimit     : true,\n\t\t\t\t\t\tautoHeight      : false,\n\t\t\t\t\t\tsmoothHeight    : true,\n\t\t\t\t\t\tendPause        : false,\n\t\t\t\t\t\toverPause       : false,\n\t\t\t\t\t\tfillMode        : \"fill\",\n\t\t\t\t\t\tcenterControls  : true,\n\t\t\t\t\t\tstartOnAppear   : false,\n\t\t\t\t\t\tlayersMode      : \"center\",\n\t\t\t\t\t\thideLayers      : false,\n\t\t\t\t\t\tfullscreenMargin: 0,\n\t\t\t\t\t\tspeed           : 20,\n\t\t\t\t\t\tdir             : \"h\",\n\t\t\t\t\t\tparallaxMode    : 'swipe',\n\t\t\t\t\t\tview            : \"basic\"\n\t\t\t\t});\n\n\t\t\t\t\n\t\t\t\twindow.masterslider_instances = window.masterslider_instances || [];\n\t\t\t\twindow.masterslider_instances.push( masterslider_5f13 );\n\t\t\t });\n\n\t\t})(jQuery);\n\t\t<\/script>\n\n<\/div><\/div><\/div><div id=\"pg-1553-1\"  class=\"panel-grid panel-no-style\" ><div id=\"pgc-1553-1-0\"  class=\"panel-grid-cell\" ><div id=\"panel-1553-1-0-0\" class=\"so-panel widget widget_text panel-first-child panel-last-child\" data-index=\"1\" >\t\t\t<div class=\"textwidget\"><h2><em>Autoridades<\/em><\/h2>\n<div id=\"content\" class=\"column\">\n<div class=\"section\">\n<div id=\"content-area\">\n<div id=\"node-3\" class=\"node node-type-page clearfix\">\n<div class=\"content\">\n<div class=\"view view-personas view-id-personas view-display-id-default view-dom-id-1 view-personas view-id-personas view-display-id-default view-dom-id-1\">\n<div class=\"view-content\">\n<div class=\"views-row views-row-1 views-row-odd views-row-first\">\n<div class=\"views-field-field-tipo-value\"><em><strong><span class=\"field-content\">Directora<\/span><\/strong><\/em><\/div>\n<p>Mag. Magdalena Roa<\/p>\n<div class=\"views-field-field-foto-fid\"><\/div>\n<\/div>\n<div class=\"views-row views-row-2 views-row-even\">\n<div class=\"views-field-field-tipo-value\"><em><strong><span class=\"field-content\">Vicedirector<\/span><\/strong><\/em><\/div>\n<p>&nbsp;<\/p>\n<div class=\"views-field-field-foto-fid\"><\/div>\n<\/div>\n<div class=\"views-row views-row-3 views-row-odd\">\n<div class=\"views-field-field-tipo-value\"><em><strong><span class=\"field-content\">Secretaria<\/span><\/strong><\/em><\/div>\n<p>Esp. Mar\u00eda Jos\u00e9 Peralta<\/p>\n<\/div>\n<div class=\"views-row views-row-4 views-row-even\">\n<div class=\"views-field-field-foto-fid\"><\/div>\n<\/div>\n<div class=\"views-row views-row-5 views-row-odd\">\n<div class=\"views-field-field-tipo-value\"><em><strong><span class=\"field-content\">Jefe del departamento de Cs. de la Naturaleza &#8211; Tronco com\u00fan y orientaci\u00f3n<\/span><\/strong><\/em><\/div>\n<p><span class=\"views-field-field-nombre-value\"><span class=\"field-content\">Dr. Fernando <\/span><\/span><span class=\"views-field-field-apellido-value\"><span class=\"field-content\">Sica<\/span><\/span><\/p>\n<div class=\"views-field-field-foto-fid\"><\/div>\n<\/div>\n<div class=\"views-row views-row-6 views-row-even\">\n<div class=\"views-field-field-tipo-value\"><em><strong><span class=\"field-content\">Jefa del departamento de Cs. Sociales &#8211; Tronco com\u00fan<\/span><\/strong><\/em><\/div>\n<p>Dra. Guadalupe Suasn\u00e1bar<\/p>\n<p>&nbsp;<\/p>\n<\/div>\n<p><em><strong><span class=\"field-content\">Jefa del departamento de Cs. Sociales &#8211; Orientaci\u00f3n<\/span><\/strong><\/em><\/p>\n<p>Dra. Daniela Urdampilleta<\/p>\n<div class=\"views-row views-row-6 views-row-even\">\n<div class=\"views-field-field-foto-fid\"><\/div>\n<\/div>\n<div class=\"views-row views-row-7 views-row-odd\">\n<div class=\"views-field-field-tipo-value\"><em><strong><span class=\"field-content\">Jefa del departamento de Ingl\u00e9s<\/span><\/strong><\/em><\/div>\n<p>Lic. Liliana Martinenghi<\/p>\n<div class=\"views-field-field-foto-fid\"><\/div>\n<\/div>\n<div class=\"views-row views-row-8 views-row-even\">\n<div class=\"views-field-field-tipo-value\"><em><strong><span class=\"field-content\">Jefa del departamento de Lengua y Literatura<\/span><\/strong><\/em><\/div>\n<p>Lic. Dominique Moreno<\/p>\n<div class=\"views-field-field-foto-fid\"><\/div>\n<\/div>\n<div class=\"views-row views-row-9 views-row-odd\">\n<div class=\"views-field-field-tipo-value\"><em><strong><span class=\"field-content\">Jefa del departamento de Matem\u00e1tica<\/span><\/strong><\/em><\/div>\n<p>Prof. Esther Cayul<\/p>\n<div class=\"views-field-field-foto-fid\"><\/div>\n<\/div>\n<div class=\"views-row views-row-10 views-row-even\">\n<div class=\"views-field-field-tipo-value\"><em><strong><span class=\"field-content\">Jefa del Departamento de Arte &#8211; Tronco com\u00fan<\/span><\/strong><\/em><\/div>\n<p>Prof. Clara Giorgetti<\/p>\n<div class=\"views-field-field-tipo-value\"><em><strong><span class=\"field-content\">Jefa del Departamento de Arte &#8211; Orientaci\u00f3n<\/span><\/strong><\/em><\/div>\n<p>Prof. Agustina Fittipaldi<\/p>\n<\/div>\n<div class=\"views-row views-row-11 views-row-odd\">\n<div class=\"views-field-field-foto-fid\"><\/div>\n<\/div>\n<div class=\"views-row views-row-12 views-row-even\">\n<div class=\"views-field-field-tipo-value\"><em><strong><span class=\"field-content\">Jefe del departamento de Educaci\u00f3n F\u00edsica<\/span><\/strong><\/em><\/div>\n<p>Esp. Laura Barrena<\/p>\n<p>&nbsp;<\/p>\n<\/div>\n<\/div>\n<\/div>\n<\/div>\n<div class=\"views-field-field-tipo-value\"><em><strong><span class=\"field-content\">Jefe del departamento de preceptores y preceptoras<\/span><\/strong><\/em><\/div>\n<p><span class=\"views-field-field-nombre-value\"><span class=\"field-content\">Esp. Patricio<\/span>\u00a0<\/span><span class=\"views-field-field-apellido-value\"><span class=\"field-content\">Lafuente<\/span><\/span><\/p>\n<div class=\"content\">\n<div class=\"view view-personas view-id-personas view-display-id-default view-dom-id-1 view-personas view-id-personas view-display-id-default view-dom-id-1\">\n<div class=\"view-content\">\n<div class=\"views-row views-row-12 views-row-even\">\n<div class=\"views-field-field-foto-fid\"><\/div>\n<\/div>\n<div class=\"views-row views-row-13 views-row-odd\">\n<div class=\"views-field-field-tipo-value\"><em><strong><span class=\"field-content\">Jefa del departamento de Tecnolog\u00edas de informaci\u00f3n y comunicaci\u00f3n<\/span><\/strong><\/em><\/div>\n<p>Liliana Testani<\/p>\n<div class=\"views-field-field-foto-fid\"><\/div>\n<\/div>\n<div class=\"views-row views-row-14 views-row-even\">\n<div class=\"views-field-field-tipo-value\"><em><strong><span class=\"field-content\">Jefe del departamento de Economia y Gesti\u00f3n de las Organizaciones<\/span><\/strong><\/em><\/div>\n<p>Prof. Gloria Folmer<\/p>\n<\/div>\n<div class=\"views-row views-row-15 views-row-odd views-row-last\">\n<p>&nbsp;<\/p>\n<\/div>\n<\/div>\n<\/div>\n<\/div>\n<\/div>\n<\/div>\n<\/div>\n<\/div>\n<p>&nbsp;<\/p>\n<\/div>\n\t\t<\/div><\/div><div id=\"pgc-1553-1-1\"  class=\"panel-grid-cell\" ><div id=\"panel-1553-1-1-0\" class=\"so-panel widget widget_lsi_widget panel-first-child\" data-index=\"2\" ><h3 class=\"widget-title\">Segu\u00ednos en nuestras redes<\/h3><ul class=\"lsi-social-icons icon-set-widget-1-1-0\" style=\"text-align: left\"><li class=\"lsi-social-facebook\"><a class=\"\" rel=\"nofollow\" title=\"Facebook\" aria-label=\"Facebook\" href=\"https:\/\/www.facebook.com\/escuelanacional.ernestosabato\" ><i class=\"lsicon lsicon-facebook\"><\/i><\/a><\/li><li class=\"lsi-social-instagram\"><a class=\"\" rel=\"nofollow\" title=\"Instagram\" aria-label=\"Instagram\" href=\"https:\/\/www.instagram.com\/ernestoescsabato\/\" ><i class=\"lsicon lsicon-instagram\"><\/i><\/a><\/li><li class=\"lsi-social-twitter\"><a class=\"\" rel=\"nofollow\" title=\"Twitter\" aria-label=\"Twitter\" href=\"https:\/\/twitter.com\/escuela_sabato\" ><i class=\"lsicon lsicon-twitter\"><\/i><\/a><\/li><li class=\"lsi-social-youtube\"><a class=\"\" rel=\"nofollow\" title=\"YouTube\" aria-label=\"YouTube\" href=\"https:\/\/www.youtube.com\/channel\/UCpKc9ebFFPjy4Ta9y-xNJDg\" ><i class=\"lsicon lsicon-youtube\"><\/i><\/a><\/li><\/ul><\/div><div id=\"panel-1553-1-1-1\" class=\"so-panel widget widget_text\" data-index=\"3\" >\t\t\t<div class=\"textwidget\"><p><img loading=\"lazy\" decoding=\"async\" class=\"alignnone size-medium wp-image-1070\" src=\"http:\/\/131.221.0.35\/wp-content\/uploads\/2020\/03\/radio_final-300x159.png\" alt=\"\" width=\"300\" height=\"159\" srcset=\"https:\/\/sabato.unicen.edu.ar\/wp-content\/uploads\/2020\/03\/radio_final-300x159.png 300w, https:\/\/sabato.unicen.edu.ar\/wp-content\/uploads\/2020\/03\/radio_final.png 348w\" sizes=\"(max-width: 300px) 100vw, 300px\" \/><\/p>\n<\/div>\n\t\t<\/div><div id=\"panel-1553-1-1-2\" class=\"so-panel widget widget_text panel-last-child\" data-index=\"4\" >\t\t\t<div class=\"textwidget\"><p><a href=\"http:\/\/enes.comunidadeduar.com.ar\/\" target=\"_blank\" rel=\"noopener\"><img loading=\"lazy\" decoding=\"async\" class=\"alignnone size-medium wp-image-1079\" src=\"http:\/\/131.221.0.35\/wp-content\/uploads\/2020\/03\/logo-con-inscripcion_300-300x152.png\" alt=\"\" width=\"300\" height=\"152\" srcset=\"https:\/\/sabato.unicen.edu.ar\/wp-content\/uploads\/2020\/03\/logo-con-inscripcion_300-300x152.png 300w, https:\/\/sabato.unicen.edu.ar\/wp-content\/uploads\/2020\/03\/logo-con-inscripcion_300.png 324w\" sizes=\"(max-width: 300px) 100vw, 300px\" \/><\/a><\/p>\n<\/div>\n\t\t<\/div><\/div><\/div><\/div>","protected":false},"excerpt":{"rendered":"<p>Autoridades Directora Mag. Magdalena Roa Vicedirector &nbsp; Secretaria Esp. Mar\u00eda Jos\u00e9 Peralta Jefe del departamento de Cs. de la Naturaleza &#8211; Tronco com\u00fan y orientaci\u00f3n Dr. Fernando Sica Jefa del departamento de Cs. Sociales &#8211; Tronco com\u00fan Dra. Guadalupe Suasn\u00e1bar &nbsp; Jefa del departamento de Cs. Sociales &#8211; Orientaci\u00f3n Dra. Daniela Urdampilleta Jefa del departamento [&hellip;]<\/p>\n","protected":false},"author":1,"featured_media":0,"parent":0,"menu_order":0,"comment_status":"closed","ping_status":"closed","template":"","meta":{"footnotes":""},"_links":{"self":[{"href":"https:\/\/sabato.unicen.edu.ar\/index.php?rest_route=\/wp\/v2\/pages\/1553"}],"collection":[{"href":"https:\/\/sabato.unicen.edu.ar\/index.php?rest_route=\/wp\/v2\/pages"}],"about":[{"href":"https:\/\/sabato.unicen.edu.ar\/index.php?rest_route=\/wp\/v2\/types\/page"}],"author":[{"embeddable":true,"href":"https:\/\/sabato.unicen.edu.ar\/index.php?rest_route=\/wp\/v2\/users\/1"}],"replies":[{"embeddable":true,"href":"https:\/\/sabato.unicen.edu.ar\/index.php?rest_route=%2Fwp%2Fv2%2Fcomments&post=1553"}],"version-history":[{"count":14,"href":"https:\/\/sabato.unicen.edu.ar\/index.php?rest_route=\/wp\/v2\/pages\/1553\/revisions"}],"predecessor-version":[{"id":1765,"href":"https:\/\/sabato.unicen.edu.ar\/index.php?rest_route=\/wp\/v2\/pages\/1553\/revisions\/1765"}],"wp:attachment":[{"href":"https:\/\/sabato.unicen.edu.ar\/index.php?rest_route=%2Fwp%2Fv2%2Fmedia&parent=1553"}],"curies":[{"name":"wp","href":"https:\/\/api.w.org\/{rel}","templated":true}]}}